{"id":5963,"date":"2020-07-03T14:37:47","date_gmt":"2020-07-03T18:37:47","guid":{"rendered":"http:\/\/localhost\/testsite\/?page_id=5963"},"modified":"2023-08-31T14:15:18","modified_gmt":"2023-08-31T18:15:18","slug":"job-application","status":"publish","type":"page","link":"https:\/\/crescendo.com\/fr\/job-application\/","title":{"rendered":"Job Application"},"content":{"rendered":"<div data-elementor-type=\"wp-page\" data-elementor-id=\"5963\" class=\"elementor elementor-5963\" data-elementor-post-type=\"page\">\n\t\t\t\t\t\t<section class=\"elementor-section elementor-top-section elementor-element elementor-element-018e8b7 elementor-section-height-min-height elementor-section-stretched elementor-section-full_width elementor-section-height-default elementor-section-items-middle\" data-id=\"018e8b7\" data-element_type=\"section\" data-settings=\"{&quot;background_background&quot;:&quot;classic&quot;,&quot;stretch_section&quot;:&quot;section-stretched&quot;}\">\n\t\t\t\t\t\t\t<div class=\"elementor-background-overlay\"><\/div>\n\t\t\t\t\t\t\t<div class=\"elementor-container elementor-column-gap-default\">\n\t\t\t\t\t<div class=\"elementor-column elementor-col-100 elementor-top-column elementor-element elementor-element-504b092\" data-id=\"504b092\" data-element_type=\"column\">\n\t\t\t<div class=\"elementor-widget-wrap elementor-element-populated\">\n\t\t\t\t\t\t<div class=\"elementor-element elementor-element-eb28357 elementor-widget elementor-widget-heading\" data-id=\"eb28357\" data-element_type=\"widget\" data-widget_type=\"heading.default\">\n\t\t\t\t<div class=\"elementor-widget-container\">\n\t\t\t\t\t<h1 class=\"elementor-heading-title elementor-size-default\">Connectons nous<\/h1>\t\t\t\t<\/div>\n\t\t\t\t<\/div>\n\t\t\t\t<div class=\"elementor-element elementor-element-93bb763 elementor-widget elementor-widget-heading\" data-id=\"93bb763\" data-element_type=\"widget\" data-widget_type=\"heading.default\">\n\t\t\t\t<div class=\"elementor-widget-container\">\n\t\t\t\t\t<h2 class=\"elementor-heading-title elementor-size-default\">Nous serions ravis de vous aider \u00e0 d\u00e9passer vos objectifs !<\/h2>\t\t\t\t<\/div>\n\t\t\t\t<\/div>\n\t\t\t\t\t<\/div>\n\t\t<\/div>\n\t\t\t\t\t<\/div>\n\t\t<\/section>\n\t\t\t\t<section class=\"elementor-section elementor-top-section elementor-element elementor-element-cd0160d elementor-section-height-min-height elementor-section-content-middle elementor-section-boxed elementor-section-height-default elementor-section-items-middle\" data-id=\"cd0160d\" data-element_type=\"section\" data-settings=\"{&quot;background_background&quot;:&quot;classic&quot;}\">\n\t\t\t\t\t\t<div class=\"elementor-container elementor-column-gap-default\">\n\t\t\t\t\t<div class=\"elementor-column elementor-col-100 elementor-top-column elementor-element elementor-element-faf2a1c\" data-id=\"faf2a1c\" data-element_type=\"column\">\n\t\t\t<div class=\"elementor-widget-wrap elementor-element-populated\">\n\t\t\t\t\t\t<div class=\"elementor-element elementor-element-6374413 elementor-widget elementor-widget-heading\" data-id=\"6374413\" data-element_type=\"widget\" data-widget_type=\"heading.default\">\n\t\t\t\t<div class=\"elementor-widget-container\">\n\t\t\t\t\t<h3 class=\"elementor-heading-title elementor-size-default\">Nous recherchons des personnes talentueuses<br> pour combler les postes suivants.<\/h3>\t\t\t\t<\/div>\n\t\t\t\t<\/div>\n\t\t\t\t\t<\/div>\n\t\t<\/div>\n\t\t\t\t\t<\/div>\n\t\t<\/section>\n\t\t\t\t<section class=\"elementor-section elementor-top-section elementor-element elementor-element-577eae42 elementor-section-stretched elementor-section-height-min-height elementor-section-boxed elementor-section-height-default elementor-section-items-middle\" data-id=\"577eae42\" data-element_type=\"section\" data-settings=\"{&quot;background_background&quot;:&quot;classic&quot;,&quot;stretch_section&quot;:&quot;section-stretched&quot;}\">\n\t\t\t\t\t\t<div class=\"elementor-container elementor-column-gap-default\">\n\t\t\t\t\t<div class=\"elementor-column elementor-col-50 elementor-top-column elementor-element elementor-element-276c8ae\" data-id=\"276c8ae\" data-element_type=\"column\" data-settings=\"{&quot;background_background&quot;:&quot;classic&quot;}\">\n\t\t\t<div class=\"elementor-widget-wrap elementor-element-populated\">\n\t\t\t\t\t\t<section class=\"elementor-section elementor-inner-section elementor-element elementor-element-2999aa6 elementor-section-height-min-height elementor-section-boxed elementor-section-height-default\" data-id=\"2999aa6\" data-element_type=\"section\">\n\t\t\t\t\t\t<div class=\"elementor-container elementor-column-gap-default\">\n\t\t\t\t\t<div class=\"elementor-column elementor-col-100 elementor-inner-column elementor-element elementor-element-6e6c3f5\" data-id=\"6e6c3f5\" data-element_type=\"column\">\n\t\t\t<div class=\"elementor-widget-wrap elementor-element-populated\">\n\t\t\t\t\t\t<div class=\"elementor-element elementor-element-793e2bbd elementor-button-align-end elementor-mobile-button-align-stretch elementor-widget elementor-widget-form\" data-id=\"793e2bbd\" data-element_type=\"widget\" data-settings=\"{&quot;step_next_label&quot;:&quot;Next&quot;,&quot;step_previous_label&quot;:&quot;Previous&quot;,&quot;step_icon_shape&quot;:&quot;square&quot;,&quot;button_width&quot;:&quot;100&quot;,&quot;step_type&quot;:&quot;number_text&quot;}\" data-widget_type=\"form.default\">\n\t\t\t\t<div class=\"elementor-widget-container\">\n\t\t\t\t\t\t\t<form class=\"elementor-form\" method=\"post\" name=\"Career Application\" action=\"\">\n\t\t\t<input type=\"hidden\" name=\"post_id\" value=\"5963\"\/>\n\t\t\t<input type=\"hidden\" name=\"form_id\" value=\"793e2bbd\"\/>\n\t\t\t<input type=\"hidden\" name=\"referer_title\" value=\"Crescendo Systems\" \/>\n\n\t\t\t\n\t\t\t<div class=\"elementor-form-fields-wrapper elementor-labels-above\">\n\t\t\t\t\t\t\t\t<div class=\"elementor-field-type-text elementor-field-group elementor-column elementor-field-group-name elementor-col-50 elementor-field-required elementor-mark-required\">\n\t\t\t\t\t\t\t\t\t\t\t\t\t<input size=\"1\" type=\"text\" name=\"form_fields[name]\" id=\"form-field-name\" class=\"elementor-field elementor-size-sm  elementor-field-textual\" placeholder=\"Nom et pr\u00e9nom\" required=\"required\">\n\t\t\t\t\t\t\t\t\t\t\t<\/div>\n\t\t\t\t\t\t\t\t<div class=\"elementor-field-type-email elementor-field-group elementor-column elementor-field-group-email elementor-col-50 elementor-field-required elementor-mark-required\">\n\t\t\t\t\t\t\t\t\t\t\t\t\t<input size=\"1\" type=\"email\" name=\"form_fields[email]\" id=\"form-field-email\" class=\"elementor-field elementor-size-sm  elementor-field-textual\" placeholder=\"Courriel\" required=\"required\">\n\t\t\t\t\t\t\t\t\t\t\t<\/div>\n\t\t\t\t\t\t\t\t<div class=\"elementor-field-type-number elementor-field-group elementor-column elementor-field-group-field_1 elementor-col-100 elementor-field-required elementor-mark-required\">\n\t\t\t\t\t\t\t\t<input type=\"number\" name=\"form_fields[field_1]\" id=\"form-field-field_1\" class=\"elementor-field elementor-size-sm  elementor-field-textual\" placeholder=\"Entrez le num\u00e9ro de t\u00e9l\u00e9phone\" required=\"required\" min=\"\" max=\"\" >\n\t\t\t\t\t\t<\/div>\n\t\t\t\t\t\t\t\t<div class=\"elementor-field-type-textarea elementor-field-group elementor-column elementor-field-group-message elementor-col-100\">\n\t\t\t\t\t<textarea class=\"elementor-field-textual elementor-field  elementor-size-sm\" name=\"form_fields[message]\" id=\"form-field-message\" rows=\"4\" placeholder=\"Message\"><\/textarea>\t\t\t\t<\/div>\n\t\t\t\t\t\t\t\t<div class=\"elementor-field-type-checkbox elementor-field-group elementor-column elementor-field-group-Checkbox elementor-col-100\">\n\t\t\t\t\t<div class=\"elementor-field-subgroup\"><span class=\"elementor-field-option\"><input type=\"checkbox\" value=\"I agree to the Crescendo Systems terms and conditions as outlined in the privacy policy. By submitting this form, I agree to receive communications from Crescendo and its authorized representatives.\" id=\"form-field-Checkbox-0\" name=\"form_fields[Checkbox]\"> <label for=\"form-field-Checkbox-0\">J\u2019accepte les conditions d\u2019utilisation de Syst\u00e8mes Crescendo tels qu\u2019ils sont d\u00e9crits dans la politique de confidentialit\u00e9. En soumettant ce formulaire, j\u2019accepte de recevoir des communications de Crescendo et de ses repr\u00e9sentants autoris\u00e9s.<\/label><\/span><\/div>\t\t\t\t<\/div>\n\t\t\t\t\t\t\t\t<div class=\"elementor-field-type-select elementor-field-group elementor-column elementor-field-group-Positions elementor-col-100 elementor-field-required elementor-mark-required\">\n\t\t\t\t\t\t\t\t\t\t\t\t<label for=\"form-field-Positions\" class=\"elementor-field-label\">\n\t\t\t\t\t\t\t\tPostulez aux postes suivants\t\t\t\t\t\t\t<\/label>\n\t\t\t\t\t\t\t\t<div class=\"elementor-field elementor-select-wrapper remove-before\">\n\t\t\t<div class=\"select-caret-down-wrapper\">\n\t\t\t\t<svg aria-hidden=\"true\" class=\"e-font-icon-svg e-eicon-caret-down\" viewbox=\"0 0 571.4 571.4\" xmlns=\"http:\/\/www.w3.org\/2000\/svg\"><path d=\"M571 393Q571 407 561 418L311 668Q300 679 286 679T261 668L11 418Q0 407 0 393T11 368 36 357H536Q550 357 561 368T571 393Z\"><\/path><\/svg>\t\t\t<\/div>\n\t\t\t<select name=\"form_fields[Positions]\" id=\"form-field-Positions\" class=\"elementor-field-textual elementor-size-sm\" required=\"required\">\n\t\t\t\t\t\t\t\t\t<option value=\"Software Developer\">D\u00e9veloppeur de logiciels<\/option>\n\t\t\t\t\t\t\t\t\t<option value=\"Technical Writer\">R\u00e9dacteur technique<\/option>\n\t\t\t\t\t\t\t\t\t<option value=\"Technical Service Representative\">Repr\u00e9sentant du service technique<\/option>\n\t\t\t\t\t\t\t\t\t<option value=\"Application Specialist\">Sp\u00e9cialiste des applications<\/option>\n\t\t\t\t\t\t\t<\/select>\n\t\t<\/div>\n\t\t\t\t\t\t<\/div>\n\t\t\t\t\t\t\t\t<div class=\"elementor-field-type-upload elementor-field-group elementor-column elementor-field-group-Submit elementor-col-100 elementor-field-required elementor-mark-required\">\n\t\t\t\t\t\t\t\t\t\t\t\t<label for=\"form-field-Submit\" class=\"elementor-field-label\">\n\t\t\t\t\t\t\t\tSoumettez votre CV\t\t\t\t\t\t\t<\/label>\n\t\t\t\t\t\t\t\t<input type=\"file\" name=\"form_fields[Submit][]\" id=\"form-field-Submit\" class=\"elementor-field elementor-size-sm  elementor-upload-field\" required=\"required\" multiple=\"multiple\" data-maxsize=\"8\" data-maxsize-message=\"Ce fichier d\u00e9passe la taille maximale autoris\u00e9e.\">\n\n\t\t\t\t\t\t<\/div>\n\t\t\t\t\t\t\t\t<div class=\"elementor-field-type-recaptcha_v3 elementor-field-group elementor-column elementor-field-group-Recatcha elementor-col-100 recaptcha_v3-inline\">\n\t\t\t\t\t<div class=\"elementor-field\" id=\"form-field-Recatcha\"><div class=\"elementor-g-recaptcha\" data-sitekey=\"6LcV88snAAAAAGQ5bgRh1-Cm2YdJxxv5Wl3OSUl2\" data-type=\"v3\" data-action=\"Form\" data-badge=\"inline\" data-size=\"invisible\"><\/div><\/div>\t\t\t\t<\/div>\n\t\t\t\t\t\t\t\t<div class=\"elementor-field-group elementor-column elementor-field-type-submit elementor-col-100 e-form__buttons\">\n\t\t\t\t\t<button class=\"elementor-button elementor-size-sm\" type=\"submit\">\n\t\t\t\t\t\t<span class=\"elementor-button-content-wrapper\">\n\t\t\t\t\t\t\t\t\t\t\t\t\t\t\t\t\t\t\t\t\t\t<span class=\"elementor-button-text\">Soumettre<\/span>\n\t\t\t\t\t\t\t\t\t\t\t\t\t<\/span>\n\t\t\t\t\t<\/button>\n\t\t\t\t<\/div>\n\t\t\t<\/div>\n\t\t<input type=\"hidden\" name=\"trp-form-language\" value=\"fr\"\/><\/form>\n\t\t\t\t\t\t<\/div>\n\t\t\t\t<\/div>\n\t\t\t\t\t<\/div>\n\t\t<\/div>\n\t\t\t\t\t<\/div>\n\t\t<\/section>\n\t\t\t\t\t<\/div>\n\t\t<\/div>\n\t\t\t\t<div class=\"elementor-column elementor-col-50 elementor-top-column elementor-element elementor-element-2065157\" data-id=\"2065157\" data-element_type=\"column\">\n\t\t\t<div class=\"elementor-widget-wrap elementor-element-populated\">\n\t\t\t\t\t\t<div class=\"elementor-element elementor-element-f58774d elementor-widget elementor-widget-google_maps\" data-id=\"f58774d\" data-element_type=\"widget\" data-widget_type=\"google_maps.default\">\n\t\t\t\t<div class=\"elementor-widget-container\">\n\t\t\t\t\t\t\t<div class=\"elementor-custom-embed\">\n\t\t\t<iframe loading=\"lazy\"\n\t\t\t\t\tsrc=\"https:\/\/maps.google.com\/maps?q=1600%20rue%20montgolfier%20laval%2C%20QC%2C%20Canada&#038;t=m&#038;z=14&#038;output=embed&#038;iwloc=near\"\n\t\t\t\t\ttitle=\"1600 rue montgolfier laval, QC, Canada\"\n\t\t\t\t\taria-label=\"1600 rue montgolfier laval, QC, Canada\"\n\t\t\t><\/iframe>\n\t\t<\/div>\n\t\t\t\t\t\t<\/div>\n\t\t\t\t<\/div>\n\t\t\t\t\t<\/div>\n\t\t<\/div>\n\t\t\t\t\t<\/div>\n\t\t<\/section>\n\t\t\t\t<section class=\"elementor-section elementor-top-section elementor-element elementor-element-1c43c52 elementor-section-stretched elementor-section-height-min-height elementor-hidden-desktop elementor-hidden-tablet elementor-hidden-mobile elementor-section-boxed elementor-section-height-default elementor-section-items-middle\" data-id=\"1c43c52\" data-element_type=\"section\" data-settings=\"{&quot;background_background&quot;:&quot;classic&quot;,&quot;stretch_section&quot;:&quot;section-stretched&quot;}\">\n\t\t\t\t\t\t<div class=\"elementor-container elementor-column-gap-default\">\n\t\t\t\t\t<div class=\"elementor-column elementor-col-50 elementor-top-column elementor-element elementor-element-67e669f\" data-id=\"67e669f\" data-element_type=\"column\">\n\t\t\t<div class=\"elementor-widget-wrap elementor-element-populated\">\n\t\t\t\t\t\t<section class=\"elementor-section elementor-inner-section elementor-element elementor-element-3bd1288 elementor-section-boxed elementor-section-height-default elementor-section-height-default\" data-id=\"3bd1288\" data-element_type=\"section\">\n\t\t\t\t\t\t<div class=\"elementor-container elementor-column-gap-default\">\n\t\t\t\t\t<div class=\"elementor-column elementor-col-100 elementor-inner-column elementor-element elementor-element-78b3724\" data-id=\"78b3724\" data-element_type=\"column\">\n\t\t\t<div class=\"elementor-widget-wrap elementor-element-populated\">\n\t\t\t\t\t\t<div class=\"elementor-element elementor-element-542ba82 elementor-widget elementor-widget-text-editor\" data-id=\"542ba82\" data-element_type=\"widget\" data-widget_type=\"text-editor.default\">\n\t\t\t\t<div class=\"elementor-widget-container\">\n\t\t\t\t\t\t\t\t\t<p style=\"text-align: left;\">Postulez d\u00e8s aujourd'hui !<\/p>\t\t\t\t\t\t\t\t<\/div>\n\t\t\t\t<\/div>\n\t\t\t\t<div class=\"elementor-element elementor-element-5f1938e elementor-widget elementor-widget-text-editor\" data-id=\"5f1938e\" data-element_type=\"widget\" data-widget_type=\"text-editor.default\">\n\t\t\t\t<div class=\"elementor-widget-container\">\n\t\t\t\t\t\t\t\t\t<p style=\"text-align: left;\"><strong>Num\u00e9ro de t\u00e9l\u00e9phone : <\/strong>1-800-724-2930<\/p><p style=\"text-align: left;\"><strong>Adresse :<\/strong> 1600 rue Montgolfier, Laval, Qc<br \/>Canada\u00a0 H7T 0A2<\/p><p style=\"text-align: left;\"><strong>Courriel :<\/strong> <a href=\"mailto:email@crescendo.com\">email@crescendo.com<\/a><\/p><p style=\"text-align: left;\"><strong>Pour toute demande d'assistance :<\/strong> <a href=\"mailto:support@crescendo.com\">support@crescendo.com<\/a><\/p>\t\t\t\t\t\t\t\t<\/div>\n\t\t\t\t<\/div>\n\t\t\t\t\t<\/div>\n\t\t<\/div>\n\t\t\t\t\t<\/div>\n\t\t<\/section>\n\t\t\t\t\t<\/div>\n\t\t<\/div>\n\t\t\t\t<div class=\"elementor-column elementor-col-50 elementor-top-column elementor-element elementor-element-0d93040\" data-id=\"0d93040\" data-element_type=\"column\">\n\t\t\t<div class=\"elementor-widget-wrap elementor-element-populated\">\n\t\t\t\t\t\t<div class=\"elementor-element elementor-element-88477bb elementor-widget elementor-widget-google_maps\" data-id=\"88477bb\" data-element_type=\"widget\" data-widget_type=\"google_maps.default\">\n\t\t\t\t<div class=\"elementor-widget-container\">\n\t\t\t\t\t\t\t<div class=\"elementor-custom-embed\">\n\t\t\t<iframe loading=\"lazy\"\n\t\t\t\t\tsrc=\"https:\/\/maps.google.com\/maps?q=1600%20rue%20montgolfier%20laval%2C%20QC%2C%20Canada&#038;t=m&#038;z=14&#038;output=embed&#038;iwloc=near\"\n\t\t\t\t\ttitle=\"1600 rue montgolfier laval, QC, Canada\"\n\t\t\t\t\taria-label=\"1600 rue montgolfier laval, QC, Canada\"\n\t\t\t><\/iframe>\n\t\t<\/div>\n\t\t\t\t\t\t<\/div>\n\t\t\t\t<\/div>\n\t\t\t\t\t<\/div>\n\t\t<\/div>\n\t\t\t\t\t<\/div>\n\t\t<\/section>\n\t\t\t\t<\/div>","protected":false},"excerpt":{"rendered":"<p>Let&#8217;s Connect We&#8217;d love to help you start exceeding your goals! We Are Looking For Talented Individuals To Fill The Following Positions. Apply Today! Phone Number: 1-800-724-2930 Address: 1600 rue Montgolfier, Laval, QCCanada\u00a0 H7T 0A2 Email: email@crescendo.com For all support inquiries: support@crescendo.com<\/p>","protected":false},"author":1,"featured_media":0,"parent":0,"menu_order":0,"comment_status":"closed","ping_status":"closed","template":"","meta":{"footnotes":""},"class_list":["post-5963","page","type-page","status-publish"],"yoast_head":"<!-- This site is optimized with the Yoast SEO Premium plugin v21.2 (Yoast SEO v24.6) - https:\/\/yoast.com\/wordpress\/plugins\/seo\/ -->\r\n<title>Job Application - Crescendo Systems<\/title>\r\n<meta name=\"robots\" content=\"index, follow, max-snippet:-1, max-image-preview:large, max-video-preview:-1\" \/>\r\n<link rel=\"canonical\" href=\"https:\/\/crescendo.com\/fr\/job-application\/\" \/>\r\n<meta property=\"og:locale\" content=\"fr_CA\" \/>\r\n<meta property=\"og:type\" content=\"article\" \/>\r\n<meta property=\"og:title\" content=\"Job Application\" \/>\r\n<meta property=\"og:description\" content=\"Let&#8217;s Connect We&#8217;d love to help you start exceeding your goals! We Are Looking For Talented Individuals To Fill The Following Positions. Apply Today! Phone Number: 1-800-724-2930 Address: 1600 rue Montgolfier, Laval, QCCanada\u00a0 H7T 0A2 Email: email@crescendo.com For all support inquiries: support@crescendo.com\" \/>\r\n<meta property=\"og:url\" content=\"https:\/\/crescendo.com\/fr\/job-application\/\" \/>\r\n<meta property=\"og:site_name\" content=\"Crescendo Systems\" \/>\r\n<meta property=\"article:publisher\" content=\"https:\/\/www.facebook.com\/crescendo.systems\" \/>\r\n<meta property=\"article:modified_time\" content=\"2023-08-31T18:15:18+00:00\" \/>\r\n<meta name=\"twitter:card\" content=\"summary_large_image\" \/>\r\n<meta name=\"twitter:site\" content=\"@crescendocorp\" \/>\r\n<meta name=\"twitter:label1\" content=\"Estimation du temps de lecture\" \/>\n\t<meta name=\"twitter:data1\" content=\"1 minute\" \/>\r\n<script type=\"application\/ld+json\" class=\"yoast-schema-graph\">{\"@context\":\"https:\/\/schema.org\",\"@graph\":[{\"@type\":\"WebPage\",\"@id\":\"https:\/\/crescendo.com\/en\/job-application\/\",\"url\":\"https:\/\/crescendo.com\/en\/job-application\/\",\"name\":\"Job Application - Crescendo Systems\",\"isPartOf\":{\"@id\":\"https:\/\/crescendo.com\/en\/#website\"},\"datePublished\":\"2020-07-03T18:37:47+00:00\",\"dateModified\":\"2023-08-31T18:15:18+00:00\",\"breadcrumb\":{\"@id\":\"https:\/\/crescendo.com\/en\/job-application\/#breadcrumb\"},\"inLanguage\":\"fr-CA\",\"potentialAction\":[{\"@type\":\"ReadAction\",\"target\":[\"https:\/\/crescendo.com\/en\/job-application\/\"]}]},{\"@type\":\"BreadcrumbList\",\"@id\":\"https:\/\/crescendo.com\/en\/job-application\/#breadcrumb\",\"itemListElement\":[{\"@type\":\"ListItem\",\"position\":1,\"name\":\"Home\",\"item\":\"https:\/\/crescendo.com\/en\/\"},{\"@type\":\"ListItem\",\"position\":2,\"name\":\"Job Application\"}]},{\"@type\":\"WebSite\",\"@id\":\"https:\/\/crescendo.com\/en\/#website\",\"url\":\"https:\/\/crescendo.com\/en\/\",\"name\":\"Crescendo Systems\",\"description\":\"Electronic documentation and voice processing solutions\",\"publisher\":{\"@id\":\"https:\/\/crescendo.com\/en\/#organization\"},\"alternateName\":\"Crescendo\",\"potentialAction\":[{\"@type\":\"SearchAction\",\"target\":{\"@type\":\"EntryPoint\",\"urlTemplate\":\"https:\/\/crescendo.com\/en\/?s={search_term_string}\"},\"query-input\":{\"@type\":\"PropertyValueSpecification\",\"valueRequired\":true,\"valueName\":\"search_term_string\"}}],\"inLanguage\":\"fr-CA\"},{\"@type\":\"Organization\",\"@id\":\"https:\/\/crescendo.com\/en\/#organization\",\"name\":\"Crescendo Systems\",\"alternateName\":\"Crescendo\",\"url\":\"https:\/\/crescendo.com\/en\/\",\"logo\":{\"@type\":\"ImageObject\",\"inLanguage\":\"fr-CA\",\"@id\":\"https:\/\/crescendo.com\/en\/#\/schema\/logo\/image\/\",\"url\":\"https:\/\/crescendo.com\/wp-content\/uploads\/2022\/01\/cropped-Fav-Icon.png\",\"contentUrl\":\"https:\/\/crescendo.com\/wp-content\/uploads\/2022\/01\/cropped-Fav-Icon.png\",\"width\":512,\"height\":512,\"caption\":\"Crescendo Systems\"},\"image\":{\"@id\":\"https:\/\/crescendo.com\/en\/#\/schema\/logo\/image\/\"},\"sameAs\":[\"https:\/\/www.facebook.com\/crescendo.systems\",\"https:\/\/x.com\/crescendocorp\",\"https:\/\/ca.linkedin.com\/company\/crescendo-systems-corporation\",\"https:\/\/www.instagram.com\/crescendosystems\/\"]}]}<\/script>\r\n<!-- \/ Yoast SEO Premium plugin. -->","yoast_head_json":{"title":"Job Application - Crescendo Systems","robots":{"index":"index","follow":"follow","max-snippet":"max-snippet:-1","max-image-preview":"max-image-preview:large","max-video-preview":"max-video-preview:-1"},"canonical":"https:\/\/crescendo.com\/fr\/job-application\/","og_locale":"fr_CA","og_type":"article","og_title":"Job Application","og_description":"Let&#8217;s Connect We&#8217;d love to help you start exceeding your goals! We Are Looking For Talented Individuals To Fill The Following Positions. Apply Today! Phone Number: 1-800-724-2930 Address: 1600 rue Montgolfier, Laval, QCCanada\u00a0 H7T 0A2 Email: email@crescendo.com For all support inquiries: support@crescendo.com","og_url":"https:\/\/crescendo.com\/fr\/job-application\/","og_site_name":"Crescendo Systems","article_publisher":"https:\/\/www.facebook.com\/crescendo.systems","article_modified_time":"2023-08-31T18:15:18+00:00","twitter_card":"summary_large_image","twitter_site":"@crescendocorp","twitter_misc":{"Estimation du temps de lecture":"1 minute"},"schema":{"@context":"https:\/\/schema.org","@graph":[{"@type":"WebPage","@id":"https:\/\/crescendo.com\/en\/job-application\/","url":"https:\/\/crescendo.com\/en\/job-application\/","name":"Job Application - Crescendo Systems","isPartOf":{"@id":"https:\/\/crescendo.com\/en\/#website"},"datePublished":"2020-07-03T18:37:47+00:00","dateModified":"2023-08-31T18:15:18+00:00","breadcrumb":{"@id":"https:\/\/crescendo.com\/en\/job-application\/#breadcrumb"},"inLanguage":"fr-CA","potentialAction":[{"@type":"ReadAction","target":["https:\/\/crescendo.com\/en\/job-application\/"]}]},{"@type":"BreadcrumbList","@id":"https:\/\/crescendo.com\/en\/job-application\/#breadcrumb","itemListElement":[{"@type":"ListItem","position":1,"name":"Home","item":"https:\/\/crescendo.com\/en\/"},{"@type":"ListItem","position":2,"name":"Job Application"}]},{"@type":"WebSite","@id":"https:\/\/crescendo.com\/en\/#website","url":"https:\/\/crescendo.com\/en\/","name":"Crescendo Systems","description":"Electronic documentation and voice processing solutions","publisher":{"@id":"https:\/\/crescendo.com\/en\/#organization"},"alternateName":"Crescendo","potentialAction":[{"@type":"SearchAction","target":{"@type":"EntryPoint","urlTemplate":"https:\/\/crescendo.com\/en\/?s={search_term_string}"},"query-input":{"@type":"PropertyValueSpecification","valueRequired":true,"valueName":"search_term_string"}}],"inLanguage":"fr-CA"},{"@type":"Organization","@id":"https:\/\/crescendo.com\/en\/#organization","name":"Crescendo Systems","alternateName":"Crescendo","url":"https:\/\/crescendo.com\/en\/","logo":{"@type":"ImageObject","inLanguage":"fr-CA","@id":"https:\/\/crescendo.com\/en\/#\/schema\/logo\/image\/","url":"https:\/\/crescendo.com\/wp-content\/uploads\/2022\/01\/cropped-Fav-Icon.png","contentUrl":"https:\/\/crescendo.com\/wp-content\/uploads\/2022\/01\/cropped-Fav-Icon.png","width":512,"height":512,"caption":"Crescendo Systems"},"image":{"@id":"https:\/\/crescendo.com\/en\/#\/schema\/logo\/image\/"},"sameAs":["https:\/\/www.facebook.com\/crescendo.systems","https:\/\/x.com\/crescendocorp","https:\/\/ca.linkedin.com\/company\/crescendo-systems-corporation","https:\/\/www.instagram.com\/crescendosystems\/"]}]}},"_links":{"self":[{"href":"https:\/\/crescendo.com\/fr\/wp-json\/wp\/v2\/pages\/5963","targetHints":{"allow":["GET"]}}],"collection":[{"href":"https:\/\/crescendo.com\/fr\/wp-json\/wp\/v2\/pages"}],"about":[{"href":"https:\/\/crescendo.com\/fr\/wp-json\/wp\/v2\/types\/page"}],"author":[{"embeddable":true,"href":"https:\/\/crescendo.com\/fr\/wp-json\/wp\/v2\/users\/1"}],"replies":[{"embeddable":true,"href":"https:\/\/crescendo.com\/fr\/wp-json\/wp\/v2\/comments?post=5963"}],"version-history":[{"count":234,"href":"https:\/\/crescendo.com\/fr\/wp-json\/wp\/v2\/pages\/5963\/revisions"}],"predecessor-version":[{"id":31301,"href":"https:\/\/crescendo.com\/fr\/wp-json\/wp\/v2\/pages\/5963\/revisions\/31301"}],"wp:attachment":[{"href":"https:\/\/crescendo.com\/fr\/wp-json\/wp\/v2\/media?parent=5963"}],"curies":[{"name":"wp","href":"https:\/\/api.w.org\/{rel}","templated":true}]}}