{"id":3869,"date":"2020-06-15T14:49:41","date_gmt":"2020-06-15T18:49:41","guid":{"rendered":"http:\/\/localhost\/testsite\/?page_id=3869"},"modified":"2022-10-11T11:59:18","modified_gmt":"2022-10-11T15:59:18","slug":"application-specialist","status":"publish","type":"page","link":"https:\/\/crescendo.com\/fr\/application-specialist\/","title":{"rendered":"Sp\u00e9cialiste des applications"},"content":{"rendered":"<div data-elementor-type=\"wp-page\" data-elementor-id=\"3869\" class=\"elementor elementor-3869\" data-elementor-post-type=\"page\">\n\t\t\t\t\t\t<section class=\"elementor-section elementor-top-section elementor-element elementor-element-6a46ea0 elementor-section-height-min-height elementor-section-stretched elementor-section-boxed elementor-section-height-default elementor-section-items-middle\" data-id=\"6a46ea0\" data-element_type=\"section\" data-settings=\"{&quot;background_background&quot;:&quot;classic&quot;,&quot;stretch_section&quot;:&quot;section-stretched&quot;}\">\n\t\t\t\t\t\t<div class=\"elementor-container elementor-column-gap-default\">\n\t\t\t\t\t<div class=\"elementor-column elementor-col-100 elementor-top-column elementor-element elementor-element-0f40621\" data-id=\"0f40621\" data-element_type=\"column\">\n\t\t\t<div class=\"elementor-widget-wrap elementor-element-populated\">\n\t\t\t\t\t\t<div class=\"elementor-element elementor-element-d5a9116 elementor-widget elementor-widget-heading\" data-id=\"d5a9116\" data-element_type=\"widget\" data-widget_type=\"heading.default\">\n\t\t\t\t<div class=\"elementor-widget-container\">\n\t\t\t\t\t<h1 class=\"elementor-heading-title elementor-size-default\">Sp\u00e9cialiste des applications<\/h1>\t\t\t\t<\/div>\n\t\t\t\t<\/div>\n\t\t\t\t<div class=\"elementor-element elementor-element-93c8cb9 elementor-widget elementor-widget-heading\" data-id=\"93c8cb9\" data-element_type=\"widget\" data-widget_type=\"heading.default\">\n\t\t\t\t<div class=\"elementor-widget-container\">\n\t\t\t\t\t<h2 class=\"elementor-heading-title elementor-size-default\">Joignez-vous \u00e0 notre \u00e9quipe d\u00e8s aujourd\u2019hui<\/h2>\t\t\t\t<\/div>\n\t\t\t\t<\/div>\n\t\t\t\t\t<\/div>\n\t\t<\/div>\n\t\t\t\t\t<\/div>\n\t\t<\/section>\n\t\t\t\t<section class=\"elementor-section elementor-top-section elementor-element elementor-element-d0eae5f elementor-section-height-min-height elementor-section-stretched elementor-section-boxed elementor-section-height-default elementor-section-items-middle\" data-id=\"d0eae5f\" data-element_type=\"section\" data-settings=\"{&quot;background_background&quot;:&quot;gradient&quot;,&quot;stretch_section&quot;:&quot;section-stretched&quot;}\">\n\t\t\t\t\t\t\t<div class=\"elementor-background-overlay\"><\/div>\n\t\t\t\t\t\t\t<div class=\"elementor-container elementor-column-gap-default\">\n\t\t\t\t\t<div class=\"elementor-column elementor-col-50 elementor-top-column elementor-element elementor-element-3c7ceca elementor-sm-50\" data-id=\"3c7ceca\" data-element_type=\"column\">\n\t\t\t<div class=\"elementor-widget-wrap elementor-element-populated\">\n\t\t\t\t\t\t<div class=\"elementor-element elementor-element-9e56a2e elementor-widget elementor-widget-heading\" data-id=\"9e56a2e\" data-element_type=\"widget\" data-widget_type=\"heading.default\">\n\t\t\t\t<div class=\"elementor-widget-container\">\n\t\t\t\t\t<h3 class=\"elementor-heading-title elementor-size-default\">Type d\u2019emploi<\/h3>\t\t\t\t<\/div>\n\t\t\t\t<\/div>\n\t\t\t\t<div class=\"elementor-element elementor-element-8e50da5 elementor-widget elementor-widget-heading\" data-id=\"8e50da5\" data-element_type=\"widget\" data-widget_type=\"heading.default\">\n\t\t\t\t<div class=\"elementor-widget-container\">\n\t\t\t\t\t<h3 class=\"elementor-heading-title elementor-size-default\">Temps plein \/ permanent<\/h3>\t\t\t\t<\/div>\n\t\t\t\t<\/div>\n\t\t\t\t\t<\/div>\n\t\t<\/div>\n\t\t\t\t<div class=\"elementor-column elementor-col-50 elementor-top-column elementor-element elementor-element-2845947\" data-id=\"2845947\" data-element_type=\"column\">\n\t\t\t<div class=\"elementor-widget-wrap elementor-element-populated\">\n\t\t\t\t\t\t<div class=\"elementor-element elementor-element-893f045 elementor-widget elementor-widget-heading\" data-id=\"893f045\" data-element_type=\"widget\" data-widget_type=\"heading.default\">\n\t\t\t\t<div class=\"elementor-widget-container\">\n\t\t\t\t\t<h5 class=\"elementor-heading-title elementor-size-default\">Emplacement<\/h5>\t\t\t\t<\/div>\n\t\t\t\t<\/div>\n\t\t\t\t<div class=\"elementor-element elementor-element-4e1ef1d elementor-widget elementor-widget-heading\" data-id=\"4e1ef1d\" data-element_type=\"widget\" data-widget_type=\"heading.default\">\n\t\t\t\t<div class=\"elementor-widget-container\">\n\t\t\t\t\t<h3 class=\"elementor-heading-title elementor-size-default\">Laval, Qu\u00e9bec<\/h3>\t\t\t\t<\/div>\n\t\t\t\t<\/div>\n\t\t\t\t\t<\/div>\n\t\t<\/div>\n\t\t\t\t\t<\/div>\n\t\t<\/section>\n\t\t\t\t<section class=\"elementor-section elementor-top-section elementor-element elementor-element-afb2561 elementor-section-content-middle elementor-section-stretched elementor-section-height-min-height elementor-section-boxed elementor-section-height-default elementor-section-items-middle\" data-id=\"afb2561\" data-element_type=\"section\" data-settings=\"{&quot;background_background&quot;:&quot;classic&quot;,&quot;stretch_section&quot;:&quot;section-stretched&quot;}\">\n\t\t\t\t\t\t<div class=\"elementor-container elementor-column-gap-default\">\n\t\t\t\t\t<div class=\"elementor-column elementor-col-100 elementor-top-column elementor-element elementor-element-ea0eb73\" data-id=\"ea0eb73\" data-element_type=\"column\">\n\t\t\t<div class=\"elementor-widget-wrap elementor-element-populated\">\n\t\t\t\t\t\t<section class=\"elementor-section elementor-inner-section elementor-element elementor-element-6d8dc25 elementor-section-full_width elementor-section-content-middle elementor-section-height-default elementor-section-height-default\" data-id=\"6d8dc25\" data-element_type=\"section\">\n\t\t\t\t\t\t<div class=\"elementor-container elementor-column-gap-default\">\n\t\t\t\t\t<div class=\"elementor-column elementor-col-100 elementor-inner-column elementor-element elementor-element-0c2ce71\" data-id=\"0c2ce71\" data-element_type=\"column\">\n\t\t\t<div class=\"elementor-widget-wrap elementor-element-populated\">\n\t\t\t\t\t\t<div class=\"elementor-element elementor-element-50307c6 elementor-widget elementor-widget-heading\" data-id=\"50307c6\" data-element_type=\"widget\" data-widget_type=\"heading.default\">\n\t\t\t\t<div class=\"elementor-widget-container\">\n\t\t\t\t\t<h3 class=\"elementor-heading-title elementor-size-default\">Crit\u00e8res pour ce poste<\/h3>\t\t\t\t<\/div>\n\t\t\t\t<\/div>\n\t\t\t\t<div class=\"elementor-element elementor-element-31e0603 elementor-widget elementor-widget-text-editor\" data-id=\"31e0603\" data-element_type=\"widget\" data-widget_type=\"text-editor.default\">\n\t\t\t\t<div class=\"elementor-widget-container\">\n\t\t\t\t\t\t\t\t\t<p>Le sp\u00e9cialiste des applications travaille principalement en premi\u00e8re ligne pour assurer le succ\u00e8s des livraisons et des mises en \u0153uvre pour les clients. Le candidat id\u00e9al aime d\u00e9velopper des relations avec les clients et r\u00e9soudre les probl\u00e8mes. Le sp\u00e9cialiste des applications travaille en collaboration avec d'autres repr\u00e9sentants de soutien afin de fournir une vari\u00e9t\u00e9 de comp\u00e9tences pour r\u00e9soudre chaque t\u00e2che, de l'analyse, la conception, le d\u00e9veloppement et les tests \u00e0 la mise en service.<\/p>\t\t\t\t\t\t\t\t<\/div>\n\t\t\t\t<\/div>\n\t\t\t\t\t<\/div>\n\t\t<\/div>\n\t\t\t\t\t<\/div>\n\t\t<\/section>\n\t\t\t\t<div class=\"elementor-element elementor-element-be1ef45 elementor-widget elementor-widget-heading\" data-id=\"be1ef45\" data-element_type=\"widget\" data-widget_type=\"heading.default\">\n\t\t\t\t<div class=\"elementor-widget-container\">\n\t\t\t\t\t<h5 class=\"elementor-heading-title elementor-size-default\">Principales t\u00e2ches et responsabilit\u00e9s<\/h5>\t\t\t\t<\/div>\n\t\t\t\t<\/div>\n\t\t\t\t<div class=\"elementor-element elementor-element-8c7d5be elementor-widget elementor-widget-text-editor\" data-id=\"8c7d5be\" data-element_type=\"widget\" data-widget_type=\"text-editor.default\">\n\t\t\t\t<div class=\"elementor-widget-container\">\n\t\t\t\t\t\t\t\t\t<ul>\n<li>Travailler directement avec les clients pour enqu\u00eater sur les probl\u00e8mes techniques complexes li\u00e9s au code, les r\u00e9soudre et les trier, recueillir des commentaires sur les produits et r\u00e9soudre les probl\u00e8mes.<\/li>\n<li>R\u00e9soudre avec pr\u00e9cision les demandes et les probl\u00e8mes des clients en temps opportun tout en respectant ou en d\u00e9passant les accords de niveau de service.<\/li>\n<li>Examiner les traces, les journaux et le code source des applications pour identifier la cause profonde de l'incident.<\/li>\n<li>Fournir des rapports d\u00e9taill\u00e9s, identifier les fonctionnalit\u00e9s et fournir des mises \u00e0 jour de l'\u00e9tat des probl\u00e8mes identifi\u00e9s au sein de l'entreprise et avec le client jusqu'\u00e0 ce que le cas de support client soit r\u00e9solu.<\/li>\n<li>Assister aux nouvelles mises en \u0153uvre, aux installations, aux mises \u00e0 niveau et aux migrations des syst\u00e8mes existants des clients.<\/li>\n<li>Fournir une formation technique et une formation sur les applications Web aux clients, le cas \u00e9ch\u00e9ant.<\/li>\n<li>Communiquer et coordonner avec les d\u00e9partements internes lorsqu'il s'agit de r\u00e9soudre des bogues logiciels ou de nouvelles versions.<\/li>\n<li>Effectuer occasionnellement des t\u00e2ches d'assurance qualit\u00e9 pour les tests de nouvelles versions de logiciels.<\/li>\n<li>Suivre les proc\u00e9dures, et am\u00e9liorer continuellement les processus internes pour la maintenance des solutions en production.<\/li>\n<li>Collaborer avec les d\u00e9veloppeurs et l'\u00e9quipe d'assurance qualit\u00e9 pour assurer la qualit\u00e9 et le respect des d\u00e9lais.<\/li>\n<\/ul>\t\t\t\t\t\t\t\t<\/div>\n\t\t\t\t<\/div>\n\t\t\t\t<div class=\"elementor-element elementor-element-d4c1a7c elementor-widget elementor-widget-heading\" data-id=\"d4c1a7c\" data-element_type=\"widget\" data-widget_type=\"heading.default\">\n\t\t\t\t<div class=\"elementor-widget-container\">\n\t\t\t\t\t<h5 class=\"elementor-heading-title elementor-size-default\">Formation et exp\u00e9rience<\/h5>\t\t\t\t<\/div>\n\t\t\t\t<\/div>\n\t\t\t\t<div class=\"elementor-element elementor-element-3dc1ecc elementor-widget elementor-widget-text-editor\" data-id=\"3dc1ecc\" data-element_type=\"widget\" data-widget_type=\"text-editor.default\">\n\t\t\t\t<div class=\"elementor-widget-container\">\n\t\t\t\t\t\t\t\t\t<ul><li>Dipl\u00f4m\u00e9 r\u00e9cent d'une baccalaur\u00e9at en informatique, en ing\u00e9nierie ou dans un domaine \u00e9quivalent.\u00a0<\/li><li>Parfaitement bilingue en fran\u00e7ais et en anglais.<\/li><li>Capacit\u00e9 \u00e0 communiquer efficacement, \u00e0 comprendre le probl\u00e8me et \u00e0 expliquer sa solution.<\/li><li>Une connaissance \u00e9tendue de l'informatique et une compr\u00e9hension de la fa\u00e7on dont l'informatique fonctionne dans diff\u00e9rents types d'organisations.<\/li><\/ul>\t\t\t\t\t\t\t\t<\/div>\n\t\t\t\t<\/div>\n\t\t\t\t<div class=\"elementor-element elementor-element-45b7590 elementor-widget elementor-widget-heading\" data-id=\"45b7590\" data-element_type=\"widget\" data-widget_type=\"heading.default\">\n\t\t\t\t<div class=\"elementor-widget-container\">\n\t\t\t\t\t<h5 class=\"elementor-heading-title elementor-size-default\">Comp\u00e9tences cl\u00e9s<\/h5>\t\t\t\t<\/div>\n\t\t\t\t<\/div>\n\t\t\t\t<div class=\"elementor-element elementor-element-e0886cd elementor-widget elementor-widget-text-editor\" data-id=\"e0886cd\" data-element_type=\"widget\" data-widget_type=\"text-editor.default\">\n\t\t\t\t<div class=\"elementor-widget-container\">\n\t\t\t\t\t\t\t\t\t<ul><li>Connaissance de SQL (MSSQL).<\/li><li>Connaissance g\u00e9n\u00e9rale des langages de programmation et des processus de d\u00e9veloppement (C++, C#, .NET, pr\u00e9f\u00e9r\u00e9).<\/li><li>Ma\u00eetrise de Windows OS et Windows Server.<\/li><li>Capacit\u00e9 d'acqu\u00e9rir et d'appliquer des informations de d\u00e9pannage.<\/li><\/ul>\t\t\t\t\t\t\t\t<\/div>\n\t\t\t\t<\/div>\n\t\t\t\t<div class=\"elementor-element elementor-element-569e9c9 elementor-tablet-align-left elementor-align-left elementor-widget elementor-widget-button\" data-id=\"569e9c9\" data-element_type=\"widget\" data-widget_type=\"button.default\">\n\t\t\t\t<div class=\"elementor-widget-container\">\n\t\t\t\t\t\t\t\t\t<div class=\"elementor-button-wrapper\">\n\t\t\t\t\t<a class=\"elementor-button elementor-button-link elementor-size-xs\" href=\"https:\/\/crescendo.com\/fr\/job-application\/\">\n\t\t\t\t\t\t<span class=\"elementor-button-content-wrapper\">\n\t\t\t\t\t\t\t\t\t<span class=\"elementor-button-text\">Postulez maintenant<\/span>\n\t\t\t\t\t<\/span>\n\t\t\t\t\t<\/a>\n\t\t\t\t<\/div>\n\t\t\t\t\t\t\t\t<\/div>\n\t\t\t\t<\/div>\n\t\t\t\t\t<\/div>\n\t\t<\/div>\n\t\t\t\t\t<\/div>\n\t\t<\/section>\n\t\t\t\t<\/div>","protected":false},"excerpt":{"rendered":"<p>Application Specialist Join Our Team Today Job Type Full Time \/ Permanent Location Laval, QC Criteria For This Position The Application Specialist primarily works on the front lines to ensure successful deliveries and implementations for customers. The ideal candidate enjoys developing customer relationships and solving problems. The application specialist works in with the support team &#8230; <a title=\"Sp\u00e9cialiste des applications\" class=\"read-more\" href=\"https:\/\/crescendo.com\/fr\/application-specialist\/\" aria-label=\"Read more about Application Specialist\">Continuer la lecture<\/a><\/p>","protected":false},"author":1,"featured_media":0,"parent":0,"menu_order":0,"comment_status":"closed","ping_status":"closed","template":"","meta":{"footnotes":""},"class_list":["post-3869","page","type-page","status-publish"],"yoast_head":"<!-- This site is optimized with the Yoast SEO Premium plugin v21.2 (Yoast SEO v24.6) - https:\/\/yoast.com\/wordpress\/plugins\/seo\/ -->\r\n<title>Application Specialist - Crescendo Systems<\/title>\r\n<meta name=\"robots\" content=\"index, follow, max-snippet:-1, max-image-preview:large, max-video-preview:-1\" \/>\r\n<link rel=\"canonical\" href=\"https:\/\/crescendo.com\/fr\/application-specialist\/\" \/>\r\n<meta property=\"og:locale\" content=\"fr_CA\" \/>\r\n<meta property=\"og:type\" content=\"article\" \/>\r\n<meta property=\"og:title\" content=\"Application Specialist\" \/>\r\n<meta property=\"og:description\" content=\"Application Specialist Join Our Team Today Job Type Full Time \/ Permanent Location Laval, QC Criteria For This Position The Application Specialist primarily works on the front lines to ensure successful deliveries and implementations for customers. The ideal candidate enjoys developing customer relationships and solving problems. The application specialist works in with the support team ... Continuer la lecture\" \/>\r\n<meta property=\"og:url\" content=\"https:\/\/crescendo.com\/fr\/application-specialist\/\" \/>\r\n<meta property=\"og:site_name\" content=\"Crescendo Systems\" \/>\r\n<meta property=\"article:publisher\" content=\"https:\/\/www.facebook.com\/crescendo.systems\" \/>\r\n<meta property=\"article:modified_time\" content=\"2022-10-11T15:59:18+00:00\" \/>\r\n<meta name=\"twitter:card\" content=\"summary_large_image\" \/>\r\n<meta name=\"twitter:site\" content=\"@crescendocorp\" \/>\r\n<meta name=\"twitter:label1\" content=\"Estimation du temps de lecture\" \/>\n\t<meta name=\"twitter:data1\" content=\"2 minutes\" \/>\r\n<script type=\"application\/ld+json\" class=\"yoast-schema-graph\">{\"@context\":\"https:\/\/schema.org\",\"@graph\":[{\"@type\":\"WebPage\",\"@id\":\"https:\/\/crescendo.com\/fr\/application-specialist\/\",\"url\":\"https:\/\/crescendo.com\/fr\/application-specialist\/\",\"name\":\"Application Specialist - Crescendo Systems\",\"isPartOf\":{\"@id\":\"https:\/\/crescendo.com\/en\/#website\"},\"datePublished\":\"2020-06-15T18:49:41+00:00\",\"dateModified\":\"2022-10-11T15:59:18+00:00\",\"breadcrumb\":{\"@id\":\"https:\/\/crescendo.com\/fr\/application-specialist\/#breadcrumb\"},\"inLanguage\":\"fr-CA\",\"potentialAction\":[{\"@type\":\"ReadAction\",\"target\":[\"https:\/\/crescendo.com\/fr\/application-specialist\/\"]}]},{\"@type\":\"BreadcrumbList\",\"@id\":\"https:\/\/crescendo.com\/fr\/application-specialist\/#breadcrumb\",\"itemListElement\":[{\"@type\":\"ListItem\",\"position\":1,\"name\":\"Home\",\"item\":\"https:\/\/crescendo.com\/en\/\"},{\"@type\":\"ListItem\",\"position\":2,\"name\":\"Application Specialist\"}]},{\"@type\":\"WebSite\",\"@id\":\"https:\/\/crescendo.com\/en\/#website\",\"url\":\"https:\/\/crescendo.com\/en\/\",\"name\":\"Crescendo Systems\",\"description\":\"Electronic documentation and voice processing solutions\",\"publisher\":{\"@id\":\"https:\/\/crescendo.com\/en\/#organization\"},\"alternateName\":\"Crescendo\",\"potentialAction\":[{\"@type\":\"SearchAction\",\"target\":{\"@type\":\"EntryPoint\",\"urlTemplate\":\"https:\/\/crescendo.com\/en\/?s={search_term_string}\"},\"query-input\":{\"@type\":\"PropertyValueSpecification\",\"valueRequired\":true,\"valueName\":\"search_term_string\"}}],\"inLanguage\":\"fr-CA\"},{\"@type\":\"Organization\",\"@id\":\"https:\/\/crescendo.com\/en\/#organization\",\"name\":\"Crescendo Systems\",\"alternateName\":\"Crescendo\",\"url\":\"https:\/\/crescendo.com\/en\/\",\"logo\":{\"@type\":\"ImageObject\",\"inLanguage\":\"fr-CA\",\"@id\":\"https:\/\/crescendo.com\/en\/#\/schema\/logo\/image\/\",\"url\":\"https:\/\/crescendo.com\/wp-content\/uploads\/2022\/01\/cropped-Fav-Icon.png\",\"contentUrl\":\"https:\/\/crescendo.com\/wp-content\/uploads\/2022\/01\/cropped-Fav-Icon.png\",\"width\":512,\"height\":512,\"caption\":\"Crescendo Systems\"},\"image\":{\"@id\":\"https:\/\/crescendo.com\/en\/#\/schema\/logo\/image\/\"},\"sameAs\":[\"https:\/\/www.facebook.com\/crescendo.systems\",\"https:\/\/x.com\/crescendocorp\",\"https:\/\/ca.linkedin.com\/company\/crescendo-systems-corporation\",\"https:\/\/www.instagram.com\/crescendosystems\/\"]}]}<\/script>\r\n<!-- \/ Yoast SEO Premium plugin. -->","yoast_head_json":{"title":"Application Specialist - Crescendo Systems","robots":{"index":"index","follow":"follow","max-snippet":"max-snippet:-1","max-image-preview":"max-image-preview:large","max-video-preview":"max-video-preview:-1"},"canonical":"https:\/\/crescendo.com\/fr\/application-specialist\/","og_locale":"fr_CA","og_type":"article","og_title":"Application Specialist","og_description":"Application Specialist Join Our Team Today Job Type Full Time \/ Permanent Location Laval, QC Criteria For This Position The Application Specialist primarily works on the front lines to ensure successful deliveries and implementations for customers. The ideal candidate enjoys developing customer relationships and solving problems. The application specialist works in with the support team ... Continuer la lecture","og_url":"https:\/\/crescendo.com\/fr\/application-specialist\/","og_site_name":"Crescendo Systems","article_publisher":"https:\/\/www.facebook.com\/crescendo.systems","article_modified_time":"2022-10-11T15:59:18+00:00","twitter_card":"summary_large_image","twitter_site":"@crescendocorp","twitter_misc":{"Estimation du temps de lecture":"2 minutes"},"schema":{"@context":"https:\/\/schema.org","@graph":[{"@type":"WebPage","@id":"https:\/\/crescendo.com\/fr\/application-specialist\/","url":"https:\/\/crescendo.com\/fr\/application-specialist\/","name":"Application Specialist - Crescendo Systems","isPartOf":{"@id":"https:\/\/crescendo.com\/en\/#website"},"datePublished":"2020-06-15T18:49:41+00:00","dateModified":"2022-10-11T15:59:18+00:00","breadcrumb":{"@id":"https:\/\/crescendo.com\/fr\/application-specialist\/#breadcrumb"},"inLanguage":"fr-CA","potentialAction":[{"@type":"ReadAction","target":["https:\/\/crescendo.com\/fr\/application-specialist\/"]}]},{"@type":"BreadcrumbList","@id":"https:\/\/crescendo.com\/fr\/application-specialist\/#breadcrumb","itemListElement":[{"@type":"ListItem","position":1,"name":"Home","item":"https:\/\/crescendo.com\/en\/"},{"@type":"ListItem","position":2,"name":"Application Specialist"}]},{"@type":"WebSite","@id":"https:\/\/crescendo.com\/en\/#website","url":"https:\/\/crescendo.com\/en\/","name":"Crescendo Systems","description":"Electronic documentation and voice processing solutions","publisher":{"@id":"https:\/\/crescendo.com\/en\/#organization"},"alternateName":"Crescendo","potentialAction":[{"@type":"SearchAction","target":{"@type":"EntryPoint","urlTemplate":"https:\/\/crescendo.com\/en\/?s={search_term_string}"},"query-input":{"@type":"PropertyValueSpecification","valueRequired":true,"valueName":"search_term_string"}}],"inLanguage":"fr-CA"},{"@type":"Organization","@id":"https:\/\/crescendo.com\/en\/#organization","name":"Crescendo Systems","alternateName":"Crescendo","url":"https:\/\/crescendo.com\/en\/","logo":{"@type":"ImageObject","inLanguage":"fr-CA","@id":"https:\/\/crescendo.com\/en\/#\/schema\/logo\/image\/","url":"https:\/\/crescendo.com\/wp-content\/uploads\/2022\/01\/cropped-Fav-Icon.png","contentUrl":"https:\/\/crescendo.com\/wp-content\/uploads\/2022\/01\/cropped-Fav-Icon.png","width":512,"height":512,"caption":"Crescendo Systems"},"image":{"@id":"https:\/\/crescendo.com\/en\/#\/schema\/logo\/image\/"},"sameAs":["https:\/\/www.facebook.com\/crescendo.systems","https:\/\/x.com\/crescendocorp","https:\/\/ca.linkedin.com\/company\/crescendo-systems-corporation","https:\/\/www.instagram.com\/crescendosystems\/"]}]}},"_links":{"self":[{"href":"https:\/\/crescendo.com\/fr\/wp-json\/wp\/v2\/pages\/3869","targetHints":{"allow":["GET"]}}],"collection":[{"href":"https:\/\/crescendo.com\/fr\/wp-json\/wp\/v2\/pages"}],"about":[{"href":"https:\/\/crescendo.com\/fr\/wp-json\/wp\/v2\/types\/page"}],"author":[{"embeddable":true,"href":"https:\/\/crescendo.com\/fr\/wp-json\/wp\/v2\/users\/1"}],"replies":[{"embeddable":true,"href":"https:\/\/crescendo.com\/fr\/wp-json\/wp\/v2\/comments?post=3869"}],"version-history":[{"count":209,"href":"https:\/\/crescendo.com\/fr\/wp-json\/wp\/v2\/pages\/3869\/revisions"}],"predecessor-version":[{"id":30041,"href":"https:\/\/crescendo.com\/fr\/wp-json\/wp\/v2\/pages\/3869\/revisions\/30041"}],"wp:attachment":[{"href":"https:\/\/crescendo.com\/fr\/wp-json\/wp\/v2\/media?parent=3869"}],"curies":[{"name":"wp","href":"https:\/\/api.w.org\/{rel}","templated":true}]}}