{"id":3862,"date":"2020-06-15T14:43:01","date_gmt":"2020-06-15T18:43:01","guid":{"rendered":"http:\/\/localhost\/testsite\/?page_id=3862"},"modified":"2022-10-11T11:58:23","modified_gmt":"2022-10-11T15:58:23","slug":"software-developer","status":"publish","type":"page","link":"https:\/\/crescendo.com\/fr\/software-developer\/","title":{"rendered":"D\u00e9veloppeur de logiciels"},"content":{"rendered":"<div data-elementor-type=\"wp-page\" data-elementor-id=\"3862\" class=\"elementor elementor-3862\" data-elementor-post-type=\"page\">\n\t\t\t\t\t\t<section class=\"elementor-section elementor-top-section elementor-element elementor-element-717c9c9 elementor-section-height-min-height elementor-section-stretched elementor-section-boxed elementor-section-height-default elementor-section-items-middle\" data-id=\"717c9c9\" data-element_type=\"section\" data-settings=\"{&quot;background_background&quot;:&quot;classic&quot;,&quot;stretch_section&quot;:&quot;section-stretched&quot;}\">\n\t\t\t\t\t\t<div class=\"elementor-container elementor-column-gap-default\">\n\t\t\t\t\t<div class=\"elementor-column elementor-col-100 elementor-top-column elementor-element elementor-element-cc3a686\" data-id=\"cc3a686\" data-element_type=\"column\">\n\t\t\t<div class=\"elementor-widget-wrap elementor-element-populated\">\n\t\t\t\t\t\t<div class=\"elementor-element elementor-element-56b68bd elementor-widget elementor-widget-heading\" data-id=\"56b68bd\" data-element_type=\"widget\" data-widget_type=\"heading.default\">\n\t\t\t\t<div class=\"elementor-widget-container\">\n\t\t\t\t\t<h1 class=\"elementor-heading-title elementor-size-default\">D\u00e9veloppeur de logiciels<\/h1>\t\t\t\t<\/div>\n\t\t\t\t<\/div>\n\t\t\t\t<div class=\"elementor-element elementor-element-6b43e8a elementor-widget elementor-widget-heading\" data-id=\"6b43e8a\" data-element_type=\"widget\" data-widget_type=\"heading.default\">\n\t\t\t\t<div class=\"elementor-widget-container\">\n\t\t\t\t\t<h2 class=\"elementor-heading-title elementor-size-default\">Joignez-vous \u00e0 notre \u00e9quipe d\u00e8s aujourd\u2019hui<\/h2>\t\t\t\t<\/div>\n\t\t\t\t<\/div>\n\t\t\t\t\t<\/div>\n\t\t<\/div>\n\t\t\t\t\t<\/div>\n\t\t<\/section>\n\t\t\t\t<section class=\"elementor-section elementor-top-section elementor-element elementor-element-5b9728e0 elementor-section-height-min-height elementor-section-stretched elementor-section-boxed elementor-section-height-default elementor-section-items-middle\" data-id=\"5b9728e0\" data-element_type=\"section\" data-settings=\"{&quot;background_background&quot;:&quot;gradient&quot;,&quot;stretch_section&quot;:&quot;section-stretched&quot;}\">\n\t\t\t\t\t\t\t<div class=\"elementor-background-overlay\"><\/div>\n\t\t\t\t\t\t\t<div class=\"elementor-container elementor-column-gap-default\">\n\t\t\t\t\t<div class=\"elementor-column elementor-col-50 elementor-top-column elementor-element elementor-element-388b519d elementor-sm-50\" data-id=\"388b519d\" data-element_type=\"column\">\n\t\t\t<div class=\"elementor-widget-wrap elementor-element-populated\">\n\t\t\t\t\t\t<div class=\"elementor-element elementor-element-4a23d9ec elementor-widget elementor-widget-heading\" data-id=\"4a23d9ec\" data-element_type=\"widget\" data-widget_type=\"heading.default\">\n\t\t\t\t<div class=\"elementor-widget-container\">\n\t\t\t\t\t<h3 class=\"elementor-heading-title elementor-size-default\">Type d\u2019emploi<\/h3>\t\t\t\t<\/div>\n\t\t\t\t<\/div>\n\t\t\t\t<div class=\"elementor-element elementor-element-393eccc1 elementor-widget elementor-widget-heading\" data-id=\"393eccc1\" data-element_type=\"widget\" data-widget_type=\"heading.default\">\n\t\t\t\t<div class=\"elementor-widget-container\">\n\t\t\t\t\t<h3 class=\"elementor-heading-title elementor-size-default\">Temps plein \/ permanent<\/h3>\t\t\t\t<\/div>\n\t\t\t\t<\/div>\n\t\t\t\t\t<\/div>\n\t\t<\/div>\n\t\t\t\t<div class=\"elementor-column elementor-col-50 elementor-top-column elementor-element elementor-element-3f9dc28\" data-id=\"3f9dc28\" data-element_type=\"column\">\n\t\t\t<div class=\"elementor-widget-wrap elementor-element-populated\">\n\t\t\t\t\t\t<div class=\"elementor-element elementor-element-44a6ae66 elementor-widget elementor-widget-heading\" data-id=\"44a6ae66\" data-element_type=\"widget\" data-widget_type=\"heading.default\">\n\t\t\t\t<div class=\"elementor-widget-container\">\n\t\t\t\t\t<h5 class=\"elementor-heading-title elementor-size-default\">Emplacement<\/h5>\t\t\t\t<\/div>\n\t\t\t\t<\/div>\n\t\t\t\t<div class=\"elementor-element elementor-element-fa8deb0 elementor-widget elementor-widget-heading\" data-id=\"fa8deb0\" data-element_type=\"widget\" data-widget_type=\"heading.default\">\n\t\t\t\t<div class=\"elementor-widget-container\">\n\t\t\t\t\t<h3 class=\"elementor-heading-title elementor-size-default\">Laval, Qu\u00e9bec<\/h3>\t\t\t\t<\/div>\n\t\t\t\t<\/div>\n\t\t\t\t\t<\/div>\n\t\t<\/div>\n\t\t\t\t\t<\/div>\n\t\t<\/section>\n\t\t\t\t<section class=\"elementor-section elementor-top-section elementor-element elementor-element-7b541f55 elementor-section-content-middle elementor-section-stretched elementor-section-height-min-height elementor-section-boxed elementor-section-height-default elementor-section-items-middle\" data-id=\"7b541f55\" data-element_type=\"section\" data-settings=\"{&quot;background_background&quot;:&quot;classic&quot;,&quot;stretch_section&quot;:&quot;section-stretched&quot;}\">\n\t\t\t\t\t\t<div class=\"elementor-container elementor-column-gap-default\">\n\t\t\t\t\t<div class=\"elementor-column elementor-col-100 elementor-top-column elementor-element elementor-element-25a6d1ca\" data-id=\"25a6d1ca\" data-element_type=\"column\">\n\t\t\t<div class=\"elementor-widget-wrap elementor-element-populated\">\n\t\t\t\t\t\t<section class=\"elementor-section elementor-inner-section elementor-element elementor-element-b1bdf80 elementor-section-full_width elementor-section-content-middle elementor-section-height-default elementor-section-height-default\" data-id=\"b1bdf80\" data-element_type=\"section\">\n\t\t\t\t\t\t<div class=\"elementor-container elementor-column-gap-default\">\n\t\t\t\t\t<div class=\"elementor-column elementor-col-100 elementor-inner-column elementor-element elementor-element-0e20d46\" data-id=\"0e20d46\" data-element_type=\"column\">\n\t\t\t<div class=\"elementor-widget-wrap elementor-element-populated\">\n\t\t\t\t\t\t<div class=\"elementor-element elementor-element-453363a elementor-widget elementor-widget-heading\" data-id=\"453363a\" data-element_type=\"widget\" data-widget_type=\"heading.default\">\n\t\t\t\t<div class=\"elementor-widget-container\">\n\t\t\t\t\t<h3 class=\"elementor-heading-title elementor-size-default\">Crit\u00e8res pour ce poste<\/h3>\t\t\t\t<\/div>\n\t\t\t\t<\/div>\n\t\t\t\t<div class=\"elementor-element elementor-element-32c0d73 elementor-widget elementor-widget-text-editor\" data-id=\"32c0d73\" data-element_type=\"widget\" data-widget_type=\"text-editor.default\">\n\t\t\t\t<div class=\"elementor-widget-container\">\n\t\t\t\t\t\t\t\t\t<p>Le r\u00f4le du d\u00e9veloppeur logiciel est de concevoir, d'ex\u00e9cuter d'\u00e9valuer et de faire le d\u00e9pannage de programmes et d'applications logicielles. Cela comprend la configuration, la programmation, le d\u00e9veloppement et la documentation de sp\u00e9cifications du logiciel \u00e0 travers tout le cycle de vie du projet. Le d\u00e9veloppeur logiciel fournira du support aux autres d\u00e9partements lorsque n\u00e9cessaire.<\/p>\t\t\t\t\t\t\t\t<\/div>\n\t\t\t\t<\/div>\n\t\t\t\t\t<\/div>\n\t\t<\/div>\n\t\t\t\t\t<\/div>\n\t\t<\/section>\n\t\t\t\t<div class=\"elementor-element elementor-element-0f6eb3c elementor-widget elementor-widget-heading\" data-id=\"0f6eb3c\" data-element_type=\"widget\" data-widget_type=\"heading.default\">\n\t\t\t\t<div class=\"elementor-widget-container\">\n\t\t\t\t\t<h5 class=\"elementor-heading-title elementor-size-default\">Principales t\u00e2ches et responsabilit\u00e9s<\/h5>\t\t\t\t<\/div>\n\t\t\t\t<\/div>\n\t\t\t\t<div class=\"elementor-element elementor-element-45acdd9 elementor-widget elementor-widget-text-editor\" data-id=\"45acdd9\" data-element_type=\"widget\" data-widget_type=\"text-editor.default\">\n\t\t\t\t<div class=\"elementor-widget-container\">\n\t\t\t\t\t\t\t\t\t<ul><li>Collaborer avec les analystes et les concepteurs au d\u00e9veloppement et au lancement de nouveaux programmes et de nouvelles applications informatiques.<\/li><li>Faire des recherches par rapport aux exigences et aux sp\u00e9cifications des programmes, les documenter, puis les mettre en \u0153uvre.<\/li><li>Coder des programmes et des applications informatiques conform\u00e9ment aux sp\u00e9cifications.<\/li><li>Superviser l\u2019assurance de la qualit\u00e9 de la logique des programmes, du traitement des donn\u00e9es et de la correction des erreurs.<\/li><li>Effectuer et surveiller les tests de performance des logiciels nouveaux ou existants aux fins de correction des erreurs, de ciblage des am\u00e9liorations \u00e0 apporter et de d\u00e9bogage g\u00e9n\u00e9ral.<\/li><li>Administrer l\u2019analyse diagnostique des r\u00e9sultats de tests et fournir des solutions relatives aux domaines critiques.<\/li><li>\u00catre au fait des autres options de programmation et de conception.<\/li><li>Approfondir et diffuser les connaissances sur les meilleures pratiques en mati\u00e8re de d\u00e9veloppement d\u2019applications.<\/li><li>Recueillir des statistiques, et pr\u00e9parer et r\u00e9diger des rapports sur l\u2019\u00e9tat du processus de programmation aux fins de discussion avec la direction et\/ou les membres de l\u2019\u00e9quipe.<\/li><li>Passer en revue et r\u00e9parer le code h\u00e9rit\u00e9.<\/li><li>Tester les nouveaux programmes pour s\u2019assurer que la logique et la syntaxe sont correctes et que les r\u00e9sultats des programmes sont exacts.<\/li><li>Documenter le code de mani\u00e8re coh\u00e9rente tout au long du processus de d\u00e9veloppement en fournissant une description du programme et des instructions sp\u00e9ciales.<\/li><\/ul>\t\t\t\t\t\t\t\t<\/div>\n\t\t\t\t<\/div>\n\t\t\t\t<div class=\"elementor-element elementor-element-d53f08b elementor-widget elementor-widget-heading\" data-id=\"d53f08b\" data-element_type=\"widget\" data-widget_type=\"heading.default\">\n\t\t\t\t<div class=\"elementor-widget-container\">\n\t\t\t\t\t<h5 class=\"elementor-heading-title elementor-size-default\">Formation et exp\u00e9rience<\/h5>\t\t\t\t<\/div>\n\t\t\t\t<\/div>\n\t\t\t\t<div class=\"elementor-element elementor-element-81c35f7 elementor-widget elementor-widget-text-editor\" data-id=\"81c35f7\" data-element_type=\"widget\" data-widget_type=\"text-editor.default\">\n\t\t\t\t<div class=\"elementor-widget-container\">\n\t\t\t\t\t\t\t\t\t<ul><li>Dipl\u00f4me coll\u00e9gial ou universitaire de trois ans en g\u00e9nie logiciel ou en informatique, et au moins deux ann\u00e9es d\u2019exp\u00e9rience de travail.<\/li><li>Connaissances techniques des langages de programmation, comme C# et C++.<\/li><li>Vaste exp\u00e9rience relative aux bases de donn\u00e9es et aux syst\u00e8mes d\u2019exploitation (MS SQL Server, Windows).<\/li><li>Solides connaissances pratiques des technologies Microsoft actuelles.<\/li><li>Exp\u00e9rience pratique en r\u00e9solution de probl\u00e8mes logiciels.<\/li><li>Une exp\u00e9rience de travail tant de fa\u00e7on ind\u00e9pendante que dans un environnement de collaboration ax\u00e9 sur le travail d\u2019\u00e9quipe est essentielle.<\/li><\/ul>\t\t\t\t\t\t\t\t<\/div>\n\t\t\t\t<\/div>\n\t\t\t\t<div class=\"elementor-element elementor-element-2185ac7 elementor-widget elementor-widget-heading\" data-id=\"2185ac7\" data-element_type=\"widget\" data-widget_type=\"heading.default\">\n\t\t\t\t<div class=\"elementor-widget-container\">\n\t\t\t\t\t<h5 class=\"elementor-heading-title elementor-size-default\">Atouts<\/h5>\t\t\t\t<\/div>\n\t\t\t\t<\/div>\n\t\t\t\t<div class=\"elementor-element elementor-element-ddf7b64 elementor-widget elementor-widget-text-editor\" data-id=\"ddf7b64\" data-element_type=\"widget\" data-widget_type=\"text-editor.default\">\n\t\t\t\t<div class=\"elementor-widget-container\">\n\t\t\t\t\t\t\t\t\t<ul><li>Exp\u00e9rience Web : HTML5, CSS JavaScript, JQuery, AngularJS, ASP.net MVC et\/ou Core.<\/li><li>D\u00e9veloppement mobile sur iOS ou Android<\/li><li>Environnement Agile (SCRUM)<\/li><\/ul>\t\t\t\t\t\t\t\t<\/div>\n\t\t\t\t<\/div>\n\t\t\t\t<div class=\"elementor-element elementor-element-c4735a5 elementor-widget elementor-widget-heading\" data-id=\"c4735a5\" data-element_type=\"widget\" data-widget_type=\"heading.default\">\n\t\t\t\t<div class=\"elementor-widget-container\">\n\t\t\t\t\t<h5 class=\"elementor-heading-title elementor-size-default\">Comp\u00e9tences cl\u00e9s<\/h5>\t\t\t\t<\/div>\n\t\t\t\t<\/div>\n\t\t\t\t<div class=\"elementor-element elementor-element-e1824c9 elementor-widget elementor-widget-text-editor\" data-id=\"e1824c9\" data-element_type=\"widget\" data-widget_type=\"text-editor.default\">\n\t\t\t\t<div class=\"elementor-widget-container\">\n\t\t\t\t\t\t\t\t\t<ul><li>La capacit\u00e9 d\u2019\u00e9tablir des priorit\u00e9s et d\u2019ex\u00e9cuter des t\u00e2ches de fa\u00e7on efficace dans un environnement sous haute pression est cruciale.<\/li><li>Aptitudes \u00e9prouv\u00e9es en analyse et en r\u00e9solution de probl\u00e8mes.<\/li><li>Capacit\u00e9 \u00e0 effectuer des recherches sur des probl\u00e8mes et des produits li\u00e9s aux logiciels.<\/li><li>Capacit\u00e9 d\u2019apprendre, de comprendre et d\u2019appliquer de nouvelles technologies.<\/li><li>Solides comp\u00e9tences en communication \u00e9crite et orale.<\/li><\/ul>\t\t\t\t\t\t\t\t<\/div>\n\t\t\t\t<\/div>\n\t\t\t\t<div class=\"elementor-element elementor-element-5b5bfa1 elementor-tablet-align-left elementor-align-left elementor-widget elementor-widget-button\" data-id=\"5b5bfa1\" data-element_type=\"widget\" data-widget_type=\"button.default\">\n\t\t\t\t<div class=\"elementor-widget-container\">\n\t\t\t\t\t\t\t\t\t<div class=\"elementor-button-wrapper\">\n\t\t\t\t\t<a class=\"elementor-button elementor-button-link elementor-size-xs\" href=\"https:\/\/crescendo.com\/fr\/job-application\/\">\n\t\t\t\t\t\t<span class=\"elementor-button-content-wrapper\">\n\t\t\t\t\t\t\t\t\t<span class=\"elementor-button-text\">Postulez maintenant<\/span>\n\t\t\t\t\t<\/span>\n\t\t\t\t\t<\/a>\n\t\t\t\t<\/div>\n\t\t\t\t\t\t\t\t<\/div>\n\t\t\t\t<\/div>\n\t\t\t\t\t<\/div>\n\t\t<\/div>\n\t\t\t\t\t<\/div>\n\t\t<\/section>\n\t\t\t\t<\/div>","protected":false},"excerpt":{"rendered":"<p>Software Developer Join Our Team Today Job Type Full Time \/ Permanent Location Laval, QC Criteria For This Position The Software Developer&#8217;s role is to design, execute, assess, and troubleshoot software programs and applications. This includes configuring, coding, developing, and documenting software specifications throughout the project life cycle. The Software Developer will also oversee system &#8230; <a title=\"D\u00e9veloppeur de logiciels\" class=\"read-more\" href=\"https:\/\/crescendo.com\/fr\/software-developer\/\" aria-label=\"Read more about Software Developer\">Continuer la lecture<\/a><\/p>","protected":false},"author":1,"featured_media":0,"parent":0,"menu_order":0,"comment_status":"closed","ping_status":"closed","template":"","meta":{"footnotes":""},"class_list":["post-3862","page","type-page","status-publish"],"yoast_head":"<!-- This site is optimized with the Yoast SEO Premium plugin v21.2 (Yoast SEO v24.6) - https:\/\/yoast.com\/wordpress\/plugins\/seo\/ -->\r\n<title>Software Developer - Crescendo Systems<\/title>\r\n<meta name=\"robots\" content=\"index, follow, max-snippet:-1, max-image-preview:large, max-video-preview:-1\" \/>\r\n<link rel=\"canonical\" href=\"https:\/\/crescendo.com\/fr\/software-developer\/\" \/>\r\n<meta property=\"og:locale\" content=\"fr_CA\" \/>\r\n<meta property=\"og:type\" content=\"article\" \/>\r\n<meta property=\"og:title\" content=\"Software Developer\" \/>\r\n<meta property=\"og:description\" content=\"Software Developer Join Our Team Today Job Type Full Time \/ Permanent Location Laval, QC Criteria For This Position The Software Developer&#8217;s role is to design, execute, assess, and troubleshoot software programs and applications. This includes configuring, coding, developing, and documenting software specifications throughout the project life cycle. The Software Developer will also oversee system ... Continuer la lecture\" \/>\r\n<meta property=\"og:url\" content=\"https:\/\/crescendo.com\/fr\/software-developer\/\" \/>\r\n<meta property=\"og:site_name\" content=\"Crescendo Systems\" \/>\r\n<meta property=\"article:publisher\" content=\"https:\/\/www.facebook.com\/crescendo.systems\" \/>\r\n<meta property=\"article:modified_time\" content=\"2022-10-11T15:58:23+00:00\" \/>\r\n<meta name=\"twitter:card\" content=\"summary_large_image\" \/>\r\n<meta name=\"twitter:site\" content=\"@crescendocorp\" \/>\r\n<meta name=\"twitter:label1\" content=\"Estimation du temps de lecture\" \/>\n\t<meta name=\"twitter:data1\" content=\"2 minutes\" \/>\r\n<script type=\"application\/ld+json\" class=\"yoast-schema-graph\">{\"@context\":\"https:\/\/schema.org\",\"@graph\":[{\"@type\":\"WebPage\",\"@id\":\"https:\/\/crescendo.com\/fr\/software-developer\/\",\"url\":\"https:\/\/crescendo.com\/fr\/software-developer\/\",\"name\":\"Software Developer - Crescendo Systems\",\"isPartOf\":{\"@id\":\"https:\/\/crescendo.com\/en\/#website\"},\"datePublished\":\"2020-06-15T18:43:01+00:00\",\"dateModified\":\"2022-10-11T15:58:23+00:00\",\"breadcrumb\":{\"@id\":\"https:\/\/crescendo.com\/fr\/software-developer\/#breadcrumb\"},\"inLanguage\":\"fr-CA\",\"potentialAction\":[{\"@type\":\"ReadAction\",\"target\":[\"https:\/\/crescendo.com\/fr\/software-developer\/\"]}]},{\"@type\":\"BreadcrumbList\",\"@id\":\"https:\/\/crescendo.com\/fr\/software-developer\/#breadcrumb\",\"itemListElement\":[{\"@type\":\"ListItem\",\"position\":1,\"name\":\"Home\",\"item\":\"https:\/\/crescendo.com\/en\/\"},{\"@type\":\"ListItem\",\"position\":2,\"name\":\"Software Developer\"}]},{\"@type\":\"WebSite\",\"@id\":\"https:\/\/crescendo.com\/en\/#website\",\"url\":\"https:\/\/crescendo.com\/en\/\",\"name\":\"Crescendo Systems\",\"description\":\"Electronic documentation and voice processing solutions\",\"publisher\":{\"@id\":\"https:\/\/crescendo.com\/en\/#organization\"},\"alternateName\":\"Crescendo\",\"potentialAction\":[{\"@type\":\"SearchAction\",\"target\":{\"@type\":\"EntryPoint\",\"urlTemplate\":\"https:\/\/crescendo.com\/en\/?s={search_term_string}\"},\"query-input\":{\"@type\":\"PropertyValueSpecification\",\"valueRequired\":true,\"valueName\":\"search_term_string\"}}],\"inLanguage\":\"fr-CA\"},{\"@type\":\"Organization\",\"@id\":\"https:\/\/crescendo.com\/en\/#organization\",\"name\":\"Crescendo Systems\",\"alternateName\":\"Crescendo\",\"url\":\"https:\/\/crescendo.com\/en\/\",\"logo\":{\"@type\":\"ImageObject\",\"inLanguage\":\"fr-CA\",\"@id\":\"https:\/\/crescendo.com\/en\/#\/schema\/logo\/image\/\",\"url\":\"https:\/\/crescendo.com\/wp-content\/uploads\/2022\/01\/cropped-Fav-Icon.png\",\"contentUrl\":\"https:\/\/crescendo.com\/wp-content\/uploads\/2022\/01\/cropped-Fav-Icon.png\",\"width\":512,\"height\":512,\"caption\":\"Crescendo Systems\"},\"image\":{\"@id\":\"https:\/\/crescendo.com\/en\/#\/schema\/logo\/image\/\"},\"sameAs\":[\"https:\/\/www.facebook.com\/crescendo.systems\",\"https:\/\/x.com\/crescendocorp\",\"https:\/\/ca.linkedin.com\/company\/crescendo-systems-corporation\",\"https:\/\/www.instagram.com\/crescendosystems\/\"]}]}<\/script>\r\n<!-- \/ Yoast SEO Premium plugin. -->","yoast_head_json":{"title":"Software Developer - Crescendo Systems","robots":{"index":"index","follow":"follow","max-snippet":"max-snippet:-1","max-image-preview":"max-image-preview:large","max-video-preview":"max-video-preview:-1"},"canonical":"https:\/\/crescendo.com\/fr\/software-developer\/","og_locale":"fr_CA","og_type":"article","og_title":"Software Developer","og_description":"Software Developer Join Our Team Today Job Type Full Time \/ Permanent Location Laval, QC Criteria For This Position The Software Developer&#8217;s role is to design, execute, assess, and troubleshoot software programs and applications. This includes configuring, coding, developing, and documenting software specifications throughout the project life cycle. The Software Developer will also oversee system ... Continuer la lecture","og_url":"https:\/\/crescendo.com\/fr\/software-developer\/","og_site_name":"Crescendo Systems","article_publisher":"https:\/\/www.facebook.com\/crescendo.systems","article_modified_time":"2022-10-11T15:58:23+00:00","twitter_card":"summary_large_image","twitter_site":"@crescendocorp","twitter_misc":{"Estimation du temps de lecture":"2 minutes"},"schema":{"@context":"https:\/\/schema.org","@graph":[{"@type":"WebPage","@id":"https:\/\/crescendo.com\/fr\/software-developer\/","url":"https:\/\/crescendo.com\/fr\/software-developer\/","name":"Software Developer - Crescendo Systems","isPartOf":{"@id":"https:\/\/crescendo.com\/en\/#website"},"datePublished":"2020-06-15T18:43:01+00:00","dateModified":"2022-10-11T15:58:23+00:00","breadcrumb":{"@id":"https:\/\/crescendo.com\/fr\/software-developer\/#breadcrumb"},"inLanguage":"fr-CA","potentialAction":[{"@type":"ReadAction","target":["https:\/\/crescendo.com\/fr\/software-developer\/"]}]},{"@type":"BreadcrumbList","@id":"https:\/\/crescendo.com\/fr\/software-developer\/#breadcrumb","itemListElement":[{"@type":"ListItem","position":1,"name":"Home","item":"https:\/\/crescendo.com\/en\/"},{"@type":"ListItem","position":2,"name":"Software Developer"}]},{"@type":"WebSite","@id":"https:\/\/crescendo.com\/en\/#website","url":"https:\/\/crescendo.com\/en\/","name":"Crescendo Systems","description":"Electronic documentation and voice processing solutions","publisher":{"@id":"https:\/\/crescendo.com\/en\/#organization"},"alternateName":"Crescendo","potentialAction":[{"@type":"SearchAction","target":{"@type":"EntryPoint","urlTemplate":"https:\/\/crescendo.com\/en\/?s={search_term_string}"},"query-input":{"@type":"PropertyValueSpecification","valueRequired":true,"valueName":"search_term_string"}}],"inLanguage":"fr-CA"},{"@type":"Organization","@id":"https:\/\/crescendo.com\/en\/#organization","name":"Crescendo Systems","alternateName":"Crescendo","url":"https:\/\/crescendo.com\/en\/","logo":{"@type":"ImageObject","inLanguage":"fr-CA","@id":"https:\/\/crescendo.com\/en\/#\/schema\/logo\/image\/","url":"https:\/\/crescendo.com\/wp-content\/uploads\/2022\/01\/cropped-Fav-Icon.png","contentUrl":"https:\/\/crescendo.com\/wp-content\/uploads\/2022\/01\/cropped-Fav-Icon.png","width":512,"height":512,"caption":"Crescendo Systems"},"image":{"@id":"https:\/\/crescendo.com\/en\/#\/schema\/logo\/image\/"},"sameAs":["https:\/\/www.facebook.com\/crescendo.systems","https:\/\/x.com\/crescendocorp","https:\/\/ca.linkedin.com\/company\/crescendo-systems-corporation","https:\/\/www.instagram.com\/crescendosystems\/"]}]}},"_links":{"self":[{"href":"https:\/\/crescendo.com\/fr\/wp-json\/wp\/v2\/pages\/3862","targetHints":{"allow":["GET"]}}],"collection":[{"href":"https:\/\/crescendo.com\/fr\/wp-json\/wp\/v2\/pages"}],"about":[{"href":"https:\/\/crescendo.com\/fr\/wp-json\/wp\/v2\/types\/page"}],"author":[{"embeddable":true,"href":"https:\/\/crescendo.com\/fr\/wp-json\/wp\/v2\/users\/1"}],"replies":[{"embeddable":true,"href":"https:\/\/crescendo.com\/fr\/wp-json\/wp\/v2\/comments?post=3862"}],"version-history":[{"count":332,"href":"https:\/\/crescendo.com\/fr\/wp-json\/wp\/v2\/pages\/3862\/revisions"}],"predecessor-version":[{"id":30034,"href":"https:\/\/crescendo.com\/fr\/wp-json\/wp\/v2\/pages\/3862\/revisions\/30034"}],"wp:attachment":[{"href":"https:\/\/crescendo.com\/fr\/wp-json\/wp\/v2\/media?parent=3862"}],"curies":[{"name":"wp","href":"https:\/\/api.w.org\/{rel}","templated":true}]}}