{"id":3528,"date":"2020-06-11T15:16:42","date_gmt":"2020-06-11T19:16:42","guid":{"rendered":"http:\/\/localhost\/testsite\/?page_id=3528"},"modified":"2022-10-11T16:44:36","modified_gmt":"2022-10-11T20:44:36","slug":"brooklyn-park-police-department","status":"publish","type":"page","link":"https:\/\/crescendo.com\/fr\/brooklyn-park-police-department\/","title":{"rendered":"Service de police de Brooklyn Park"},"content":{"rendered":"<div data-elementor-type=\"wp-page\" data-elementor-id=\"3528\" class=\"elementor elementor-3528\" data-elementor-post-type=\"page\">\n\t\t\t\t\t\t<section class=\"elementor-section elementor-top-section elementor-element elementor-element-ec3584a elementor-section-height-min-height elementor-section-stretched elementor-section-boxed elementor-section-height-default elementor-section-items-middle\" data-id=\"ec3584a\" data-element_type=\"section\" data-settings=\"{&quot;background_background&quot;:&quot;classic&quot;,&quot;stretch_section&quot;:&quot;section-stretched&quot;}\">\n\t\t\t\t\t\t<div class=\"elementor-container elementor-column-gap-default\">\n\t\t\t\t\t<div class=\"elementor-column elementor-col-100 elementor-top-column elementor-element elementor-element-832d2ac\" data-id=\"832d2ac\" data-element_type=\"column\">\n\t\t\t<div class=\"elementor-widget-wrap elementor-element-populated\">\n\t\t\t\t\t\t<div class=\"elementor-element elementor-element-87ea0fd elementor-widget elementor-widget-heading\" data-id=\"87ea0fd\" data-element_type=\"widget\" data-widget_type=\"heading.default\">\n\t\t\t\t<div class=\"elementor-widget-container\">\n\t\t\t\t\t<h1 class=\"elementor-heading-title elementor-size-default\">Service de police <br>Brooklyn Park<\/h1>\t\t\t\t<\/div>\n\t\t\t\t<\/div>\n\t\t\t\t<div class=\"elementor-element elementor-element-28bad45 elementor-widget elementor-widget-heading\" data-id=\"28bad45\" data-element_type=\"widget\" data-widget_type=\"heading.default\">\n\t\t\t\t<div class=\"elementor-widget-container\">\n\t\t\t\t\t<h2 class=\"elementor-heading-title elementor-size-default\">une histoire de r\u00e9ussite<\/h2>\t\t\t\t<\/div>\n\t\t\t\t<\/div>\n\t\t\t\t\t<\/div>\n\t\t<\/div>\n\t\t\t\t\t<\/div>\n\t\t<\/section>\n\t\t\t\t<section class=\"elementor-section elementor-top-section elementor-element elementor-element-9611820 elementor-section-height-min-height elementor-section-stretched elementor-section-boxed elementor-section-height-default elementor-section-items-middle\" data-id=\"9611820\" data-element_type=\"section\" data-settings=\"{&quot;background_background&quot;:&quot;gradient&quot;,&quot;stretch_section&quot;:&quot;section-stretched&quot;}\">\n\t\t\t\t\t\t\t<div class=\"elementor-background-overlay\"><\/div>\n\t\t\t\t\t\t\t<div class=\"elementor-container elementor-column-gap-no\">\n\t\t\t\t\t<div class=\"elementor-column elementor-col-25 elementor-top-column elementor-element elementor-element-6e891220 elementor-sm-50\" data-id=\"6e891220\" data-element_type=\"column\">\n\t\t\t<div class=\"elementor-widget-wrap elementor-element-populated\">\n\t\t\t\t\t\t<div class=\"elementor-element elementor-element-458d3a1d elementor-widget elementor-widget-heading\" data-id=\"458d3a1d\" data-element_type=\"widget\" data-widget_type=\"heading.default\">\n\t\t\t\t<div class=\"elementor-widget-container\">\n\t\t\t\t\t<h3 class=\"elementor-heading-title elementor-size-default\">O\u00f9<\/h3>\t\t\t\t<\/div>\n\t\t\t\t<\/div>\n\t\t\t\t<div class=\"elementor-element elementor-element-35db49ca elementor-widget elementor-widget-heading\" data-id=\"35db49ca\" data-element_type=\"widget\" data-widget_type=\"heading.default\">\n\t\t\t\t<div class=\"elementor-widget-container\">\n\t\t\t\t\t<h4 class=\"elementor-heading-title elementor-size-default\">Brooklyn Park, MN, USA<\/h4>\t\t\t\t<\/div>\n\t\t\t\t<\/div>\n\t\t\t\t\t<\/div>\n\t\t<\/div>\n\t\t\t\t<div class=\"elementor-column elementor-col-25 elementor-top-column elementor-element elementor-element-720f26b5\" data-id=\"720f26b5\" data-element_type=\"column\">\n\t\t\t<div class=\"elementor-widget-wrap elementor-element-populated\">\n\t\t\t\t\t\t<div class=\"elementor-element elementor-element-3af9579d elementor-widget elementor-widget-heading\" data-id=\"3af9579d\" data-element_type=\"widget\" data-widget_type=\"heading.default\">\n\t\t\t\t<div class=\"elementor-widget-container\">\n\t\t\t\t\t<h3 class=\"elementor-heading-title elementor-size-default\">Qui<\/h3>\t\t\t\t<\/div>\n\t\t\t\t<\/div>\n\t\t\t\t<div class=\"elementor-element elementor-element-56d1037f elementor-widget elementor-widget-heading\" data-id=\"56d1037f\" data-element_type=\"widget\" data-widget_type=\"heading.default\">\n\t\t\t\t<div class=\"elementor-widget-container\">\n\t\t\t\t\t<h6 class=\"elementor-heading-title elementor-size-default\">Lorelei Meyer<br>Responsable des services de soutien<\/h6>\t\t\t\t<\/div>\n\t\t\t\t<\/div>\n\t\t\t\t\t<\/div>\n\t\t<\/div>\n\t\t\t\t<div class=\"elementor-column elementor-col-25 elementor-top-column elementor-element elementor-element-b58918d\" data-id=\"b58918d\" data-element_type=\"column\">\n\t\t\t<div class=\"elementor-widget-wrap elementor-element-populated\">\n\t\t\t\t\t\t<div class=\"elementor-element elementor-element-4e22493d elementor-widget elementor-widget-heading\" data-id=\"4e22493d\" data-element_type=\"widget\" data-widget_type=\"heading.default\">\n\t\t\t\t<div class=\"elementor-widget-container\">\n\t\t\t\t\t<h3 class=\"elementor-heading-title elementor-size-default\">Solutions<\/h3>\t\t\t\t<\/div>\n\t\t\t\t<\/div>\n\t\t\t\t<div class=\"elementor-element elementor-element-13b3559a elementor-widget elementor-widget-heading\" data-id=\"13b3559a\" data-element_type=\"widget\" data-widget_type=\"heading.default\">\n\t\t\t\t<div class=\"elementor-widget-container\">\n\t\t\t\t\t<h6 class=\"elementor-heading-title elementor-size-default\">Syst\u00e8me de dict\u00e9e num\u00e9rique<br>et t\u00e9l\u00e9phones intelligents<\/h6>\t\t\t\t<\/div>\n\t\t\t\t<\/div>\n\t\t\t\t\t<\/div>\n\t\t<\/div>\n\t\t\t\t<div class=\"elementor-column elementor-col-25 elementor-top-column elementor-element elementor-element-73933278\" data-id=\"73933278\" data-element_type=\"column\">\n\t\t\t<div class=\"elementor-widget-wrap elementor-element-populated\">\n\t\t\t\t\t\t<div class=\"elementor-element elementor-element-41e35764 elementor-widget elementor-widget-heading\" data-id=\"41e35764\" data-element_type=\"widget\" data-widget_type=\"heading.default\">\n\t\t\t\t<div class=\"elementor-widget-container\">\n\t\t\t\t\t<h3 class=\"elementor-heading-title elementor-size-default\">Nombre d'usagers<\/h3>\t\t\t\t<\/div>\n\t\t\t\t<\/div>\n\t\t\t\t<div class=\"elementor-element elementor-element-2b4a5b05 elementor-widget elementor-widget-heading\" data-id=\"2b4a5b05\" data-element_type=\"widget\" data-widget_type=\"heading.default\">\n\t\t\t\t<div class=\"elementor-widget-container\">\n\t\t\t\t\t<h6 class=\"elementor-heading-title elementor-size-default\">100 +<\/h6>\t\t\t\t<\/div>\n\t\t\t\t<\/div>\n\t\t\t\t\t<\/div>\n\t\t<\/div>\n\t\t\t\t\t<\/div>\n\t\t<\/section>\n\t\t\t\t<section class=\"elementor-section elementor-top-section elementor-element elementor-element-adec99e elementor-section-height-min-height elementor-section-stretched elementor-section-items-top elementor-section-boxed elementor-section-height-default\" data-id=\"adec99e\" data-element_type=\"section\" data-settings=\"{&quot;stretch_section&quot;:&quot;section-stretched&quot;}\">\n\t\t\t\t\t\t<div class=\"elementor-container elementor-column-gap-default\">\n\t\t\t\t\t<div class=\"elementor-column elementor-col-100 elementor-top-column elementor-element elementor-element-5e28e90\" data-id=\"5e28e90\" data-element_type=\"column\">\n\t\t\t<div class=\"elementor-widget-wrap elementor-element-populated\">\n\t\t\t\t\t\t<section class=\"elementor-section elementor-inner-section elementor-element elementor-element-71451dc elementor-section-height-min-height elementor-section-content-middle elementor-section-boxed elementor-section-height-default\" data-id=\"71451dc\" data-element_type=\"section\">\n\t\t\t\t\t\t<div class=\"elementor-container elementor-column-gap-default\">\n\t\t\t\t\t<div class=\"elementor-column elementor-col-100 elementor-inner-column elementor-element elementor-element-59ef992\" data-id=\"59ef992\" data-element_type=\"column\">\n\t\t\t<div class=\"elementor-widget-wrap elementor-element-populated\">\n\t\t\t\t\t\t<div class=\"elementor-element elementor-element-2ea8b4e elementor-widget elementor-widget-heading\" data-id=\"2ea8b4e\" data-element_type=\"widget\" data-widget_type=\"heading.default\">\n\t\t\t\t<div class=\"elementor-widget-container\">\n\t\t\t\t\t<h4 class=\"elementor-heading-title elementor-size-default\">Service de police de Brooklyn Park<\/h4>\t\t\t\t<\/div>\n\t\t\t\t<\/div>\n\t\t\t\t<div class=\"elementor-element elementor-element-ae4172d elementor-widget elementor-widget-text-editor\" data-id=\"ae4172d\" data-element_type=\"widget\" data-widget_type=\"text-editor.default\">\n\t\t\t\t<div class=\"elementor-widget-container\">\n\t\t\t\t\t\t\t\t\t<p id=\"u1199800-2\">En tant que banlieue nord-ouest des villes jumelles anim\u00e9es, Brooklyn Park, Minnesota, est l'une des plus grandes zones m\u00e9tropolitaines de l'\u00c9tat. La ville abrite le service de police de Brooklyn Park, qui emploie plus de 100 agents \u00e0 temps plein et plus de 50 agents non asserment\u00e9s, au service d'une communaut\u00e9 de plus de 80 000 habitants. Le d\u00e9partement re\u00e7oit environ 60 000 appels par an, ce qui fait que toute possibilit\u00e9 de r\u00e9duire efficacement le d\u00e9lai de transmission des rapports peut litt\u00e9ralement sauver des vies, d'o\u00f9 l'introduction de la technologie de dict\u00e9e sur smartphone.<\/p><p id=\"u1199800-5\">Le service n'est pas \u00e9tranger \u00e0 la dict\u00e9e num\u00e9rique, ayant adopt\u00e9 un syst\u00e8me de dict\u00e9e num\u00e9rique pour la premi\u00e8re fois en 1992. Les agents sont pass\u00e9s de la r\u00e9daction de rapports \u00e0 la main \u00e0 la prise d'une ligne fixe et \u00e0 la composition d'un num\u00e9ro dans le syst\u00e8me pour dicter. Lorelei Meyer, responsable des services de soutien, se souvient du passage au num\u00e9rique : \u00ab Le syst\u00e8me num\u00e9rique a fait une \u00e9norme diff\u00e9rence pour nous ! Nous disposons d'un personnel de bureau compos\u00e9 de dactylos form\u00e9es et comp\u00e9tentes, qui sont familiaris\u00e9es avec les outils de productivit\u00e9 et de formatage, alors qu'\u00e0 l'\u00e9poque, les agents \u00e9crivaient leurs rapports \u00e0 la main, ce qui \u00e9tait parfois difficile \u00e0 lire et leur faisait perdre du temps. Nous devions prendre ce document manuscrit et taper les informations dans notre syst\u00e8me de gestion des dossiers. Selon la longueur ou la lisibilit\u00e9 des documents, le traitement pouvait prendre un certain temps. \u00bb<\/p><p id=\"u1199800-8\">Cette technologie a bien servi l'\u00e9quipe pendant des d\u00e9cennies, jusqu'\u00e0 l'arriv\u00e9e du DigiDictate Mobile. Les agents \u00e9taient impatients d'avoir des capacit\u00e9s de dict\u00e9e directement dans leur poche et ils s'y sont adapt\u00e9s assez rapidement. \u00ab Il n'y a eu que tr\u00e8s peu de formation n\u00e9cessaire et la transition s'est faite en douceur \u00bb, d\u00e9clare Meyer. \u00ab Nous avons une nouvelle g\u00e9n\u00e9ration de mill\u00e9niaux dans les forces de l'ordre qui ont l'habitude d'acc\u00e9der \u00e0 leurs smartphones pour faire leur travail. Avoir une application mobile \u00e0 port\u00e9e de main pour documenter les incidents s'int\u00e8gre extr\u00eamement bien dans leurs t\u00e2ches quotidiennes. \u00bb<\/p><p id=\"u1199800-11\">Gr\u00e2ce \u00e0 la possibilit\u00e9 de documenter imm\u00e9diatement les incidents \u00e0 partir de leur voiture de patrouille, les agents peuvent d\u00e9sormais passer plus de temps dans la communaut\u00e9, l\u00e0 o\u00f9 on a besoin d'eux, au lieu de rester \u00e0 leur bureau \u00e0 remplir des papiers. Selon Mme Meyer, \u00ab Les agents dictent leurs rapports plus rapidement parce qu'ils ont leurs appareils mobiles \u00e0 port\u00e9e de main pour documenter, alors qu'auparavant ils devaient revenir dans un b\u00e2timent de la ville, trouver un t\u00e9l\u00e9phone fixe et dicter leur rapport. \u00bb<\/p><p id=\"u1199800-14\">La rapidit\u00e9 avec laquelle les agents dictent am\u00e9liore \u00e9galement les temps de r\u00e9ponse des \u00e9quipes d'enqu\u00eate. \u00ab Les informations vont directement dans notre syst\u00e8me de gestion des dossiers et sont imm\u00e9diatement disponibles pour nos enqu\u00eateurs qui peuvent commencer \u00e0 analyser les cas. D\u00e8s qu'elles sont transcrites dans notre syst\u00e8me, elles sont l\u00e0 et disponibles \u00bb, ajoute Mme Meyer.<\/p><p id=\"u1199800-16\">Outre l'am\u00e9lioration de l'efficacit\u00e9 des forces de police, qui n'ont plus qu'un seul serveur \u00e0 g\u00e9rer, le service informatique a \u00e9galement r\u00e9alis\u00e9 des \u00e9conomies de temps et d'argent. Cependant, ce sont les policiers qui en retirent les plus grands avantages. Comme le dit Mme Meyer, \u00ab La dict\u00e9e mobile a \u00e9t\u00e9 une excellente chose pour nous. Les officiers l'adorent car ils savent que la r\u00e9daction n'est pas leur meilleure comp\u00e9tence, leur comp\u00e9tence est d'\u00eatre dans la rue et de traiter les probl\u00e8mes de la communaut\u00e9. \u00bb<\/p><p id=\"u1199800-19\">Le d\u00e9ploiement du DigiDictate Mobile a \u00e9t\u00e9 un succ\u00e8s, comme l'affirme Mme Meyer : \u00ab Je recommanderais absolument Crescendo \u00e0 d'autres organismes d'application de la loi. Le personnel de Crescendo a \u00e9t\u00e9 vraiment formidable, leur soutien \u00e9tait disponible quand nous en avions besoin et nous avons r\u00e9ussi \u00e0 faire fonctionner l'application mobile en tr\u00e8s peu de temps. \u00bb<\/p><p id=\"u1199800-25\"><strong><span id=\"u1199800-21\">Pour plus d'informations sur a cr\u00e9ation de rapports d\u2019incidents par t\u00e9l\u00e9phone intelligent, <span style=\"text-decoration: underline;\"><a href=\"https:\/\/crescendo.com\/fr\/contact-us\/\">contactez-nous.<\/a><\/span><\/span><\/strong><\/p>\t\t\t\t\t\t\t\t<\/div>\n\t\t\t\t<\/div>\n\t\t\t\t\t<\/div>\n\t\t<\/div>\n\t\t\t\t\t<\/div>\n\t\t<\/section>\n\t\t\t\t\t<\/div>\n\t\t<\/div>\n\t\t\t\t\t<\/div>\n\t\t<\/section>\n\t\t\t\t<\/div>","protected":false},"excerpt":{"rendered":"<p>Brooklyn Park Police Department Success Story Where Brooklyn Park, MN, USA Who Lorelei Meyer, Support Services Manager Solutions Digital Dictation System + Smartphones Number Of Users 100 + Brooklyn Park Police Department As the northwest suburb of the bustling twin cities, Brooklyn Park, Minnesota is one of the largest metropolitan areas in the state. The &#8230; <a title=\"Service de police de Brooklyn Park\" class=\"read-more\" href=\"https:\/\/crescendo.com\/fr\/brooklyn-park-police-department\/\" aria-label=\"Read more about Brooklyn Park Police Department\">Continuer la lecture<\/a><\/p>","protected":false},"author":1,"featured_media":0,"parent":0,"menu_order":0,"comment_status":"closed","ping_status":"closed","template":"","meta":{"footnotes":""},"class_list":["post-3528","page","type-page","status-publish"],"yoast_head":"<!-- This site is optimized with the Yoast SEO Premium plugin v21.2 (Yoast SEO v24.6) - https:\/\/yoast.com\/wordpress\/plugins\/seo\/ -->\r\n<title>Brooklyn Park Police Department - Crescendo Systems<\/title>\r\n<meta name=\"robots\" content=\"index, follow, max-snippet:-1, max-image-preview:large, max-video-preview:-1\" \/>\r\n<link rel=\"canonical\" href=\"https:\/\/crescendo.com\/fr\/brooklyn-park-police-department\/\" \/>\r\n<meta property=\"og:locale\" content=\"fr_CA\" \/>\r\n<meta property=\"og:type\" content=\"article\" \/>\r\n<meta property=\"og:title\" content=\"Brooklyn Park Police Department\" \/>\r\n<meta property=\"og:description\" content=\"Brooklyn Park Police Department Success Story Where Brooklyn Park, MN, USA Who Lorelei Meyer, Support Services Manager Solutions Digital Dictation System + Smartphones Number Of Users 100 + Brooklyn Park Police Department As the northwest suburb of the bustling twin cities, Brooklyn Park, Minnesota is one of the largest metropolitan areas in the state. The ... Continuer la lecture\" \/>\r\n<meta property=\"og:url\" content=\"https:\/\/crescendo.com\/fr\/brooklyn-park-police-department\/\" \/>\r\n<meta property=\"og:site_name\" content=\"Crescendo Systems\" \/>\r\n<meta property=\"article:publisher\" content=\"https:\/\/www.facebook.com\/crescendo.systems\" \/>\r\n<meta property=\"article:modified_time\" content=\"2022-10-11T20:44:36+00:00\" \/>\r\n<meta name=\"twitter:card\" content=\"summary_large_image\" \/>\r\n<meta name=\"twitter:site\" content=\"@crescendocorp\" \/>\r\n<meta name=\"twitter:label1\" content=\"Estimation du temps de lecture\" \/>\n\t<meta name=\"twitter:data1\" content=\"3 minutes\" \/>\r\n<script type=\"application\/ld+json\" class=\"yoast-schema-graph\">{\"@context\":\"https:\/\/schema.org\",\"@graph\":[{\"@type\":\"WebPage\",\"@id\":\"https:\/\/crescendo.com\/en\/brooklyn-park-police-department\/\",\"url\":\"https:\/\/crescendo.com\/en\/brooklyn-park-police-department\/\",\"name\":\"Brooklyn Park Police Department - Crescendo Systems\",\"isPartOf\":{\"@id\":\"https:\/\/crescendo.com\/en\/#website\"},\"datePublished\":\"2020-06-11T19:16:42+00:00\",\"dateModified\":\"2022-10-11T20:44:36+00:00\",\"breadcrumb\":{\"@id\":\"https:\/\/crescendo.com\/en\/brooklyn-park-police-department\/#breadcrumb\"},\"inLanguage\":\"fr-CA\",\"potentialAction\":[{\"@type\":\"ReadAction\",\"target\":[\"https:\/\/crescendo.com\/en\/brooklyn-park-police-department\/\"]}]},{\"@type\":\"BreadcrumbList\",\"@id\":\"https:\/\/crescendo.com\/en\/brooklyn-park-police-department\/#breadcrumb\",\"itemListElement\":[{\"@type\":\"ListItem\",\"position\":1,\"name\":\"Home\",\"item\":\"https:\/\/crescendo.com\/en\/\"},{\"@type\":\"ListItem\",\"position\":2,\"name\":\"Brooklyn Park Police Department\"}]},{\"@type\":\"WebSite\",\"@id\":\"https:\/\/crescendo.com\/en\/#website\",\"url\":\"https:\/\/crescendo.com\/en\/\",\"name\":\"Crescendo Systems\",\"description\":\"Electronic documentation and voice processing solutions\",\"publisher\":{\"@id\":\"https:\/\/crescendo.com\/en\/#organization\"},\"alternateName\":\"Crescendo\",\"potentialAction\":[{\"@type\":\"SearchAction\",\"target\":{\"@type\":\"EntryPoint\",\"urlTemplate\":\"https:\/\/crescendo.com\/en\/?s={search_term_string}\"},\"query-input\":{\"@type\":\"PropertyValueSpecification\",\"valueRequired\":true,\"valueName\":\"search_term_string\"}}],\"inLanguage\":\"fr-CA\"},{\"@type\":\"Organization\",\"@id\":\"https:\/\/crescendo.com\/en\/#organization\",\"name\":\"Crescendo Systems\",\"alternateName\":\"Crescendo\",\"url\":\"https:\/\/crescendo.com\/en\/\",\"logo\":{\"@type\":\"ImageObject\",\"inLanguage\":\"fr-CA\",\"@id\":\"https:\/\/crescendo.com\/en\/#\/schema\/logo\/image\/\",\"url\":\"https:\/\/crescendo.com\/wp-content\/uploads\/2022\/01\/cropped-Fav-Icon.png\",\"contentUrl\":\"https:\/\/crescendo.com\/wp-content\/uploads\/2022\/01\/cropped-Fav-Icon.png\",\"width\":512,\"height\":512,\"caption\":\"Crescendo Systems\"},\"image\":{\"@id\":\"https:\/\/crescendo.com\/en\/#\/schema\/logo\/image\/\"},\"sameAs\":[\"https:\/\/www.facebook.com\/crescendo.systems\",\"https:\/\/x.com\/crescendocorp\",\"https:\/\/ca.linkedin.com\/company\/crescendo-systems-corporation\",\"https:\/\/www.instagram.com\/crescendosystems\/\"]}]}<\/script>\r\n<!-- \/ Yoast SEO Premium plugin. -->","yoast_head_json":{"title":"Brooklyn Park Police Department - Crescendo Systems","robots":{"index":"index","follow":"follow","max-snippet":"max-snippet:-1","max-image-preview":"max-image-preview:large","max-video-preview":"max-video-preview:-1"},"canonical":"https:\/\/crescendo.com\/fr\/brooklyn-park-police-department\/","og_locale":"fr_CA","og_type":"article","og_title":"Brooklyn Park Police Department","og_description":"Brooklyn Park Police Department Success Story Where Brooklyn Park, MN, USA Who Lorelei Meyer, Support Services Manager Solutions Digital Dictation System + Smartphones Number Of Users 100 + Brooklyn Park Police Department As the northwest suburb of the bustling twin cities, Brooklyn Park, Minnesota is one of the largest metropolitan areas in the state. The ... Continuer la lecture","og_url":"https:\/\/crescendo.com\/fr\/brooklyn-park-police-department\/","og_site_name":"Crescendo Systems","article_publisher":"https:\/\/www.facebook.com\/crescendo.systems","article_modified_time":"2022-10-11T20:44:36+00:00","twitter_card":"summary_large_image","twitter_site":"@crescendocorp","twitter_misc":{"Estimation du temps de lecture":"3 minutes"},"schema":{"@context":"https:\/\/schema.org","@graph":[{"@type":"WebPage","@id":"https:\/\/crescendo.com\/en\/brooklyn-park-police-department\/","url":"https:\/\/crescendo.com\/en\/brooklyn-park-police-department\/","name":"Brooklyn Park Police Department - Crescendo Systems","isPartOf":{"@id":"https:\/\/crescendo.com\/en\/#website"},"datePublished":"2020-06-11T19:16:42+00:00","dateModified":"2022-10-11T20:44:36+00:00","breadcrumb":{"@id":"https:\/\/crescendo.com\/en\/brooklyn-park-police-department\/#breadcrumb"},"inLanguage":"fr-CA","potentialAction":[{"@type":"ReadAction","target":["https:\/\/crescendo.com\/en\/brooklyn-park-police-department\/"]}]},{"@type":"BreadcrumbList","@id":"https:\/\/crescendo.com\/en\/brooklyn-park-police-department\/#breadcrumb","itemListElement":[{"@type":"ListItem","position":1,"name":"Home","item":"https:\/\/crescendo.com\/en\/"},{"@type":"ListItem","position":2,"name":"Brooklyn Park Police Department"}]},{"@type":"WebSite","@id":"https:\/\/crescendo.com\/en\/#website","url":"https:\/\/crescendo.com\/en\/","name":"Crescendo Systems","description":"Electronic documentation and voice processing solutions","publisher":{"@id":"https:\/\/crescendo.com\/en\/#organization"},"alternateName":"Crescendo","potentialAction":[{"@type":"SearchAction","target":{"@type":"EntryPoint","urlTemplate":"https:\/\/crescendo.com\/en\/?s={search_term_string}"},"query-input":{"@type":"PropertyValueSpecification","valueRequired":true,"valueName":"search_term_string"}}],"inLanguage":"fr-CA"},{"@type":"Organization","@id":"https:\/\/crescendo.com\/en\/#organization","name":"Crescendo Systems","alternateName":"Crescendo","url":"https:\/\/crescendo.com\/en\/","logo":{"@type":"ImageObject","inLanguage":"fr-CA","@id":"https:\/\/crescendo.com\/en\/#\/schema\/logo\/image\/","url":"https:\/\/crescendo.com\/wp-content\/uploads\/2022\/01\/cropped-Fav-Icon.png","contentUrl":"https:\/\/crescendo.com\/wp-content\/uploads\/2022\/01\/cropped-Fav-Icon.png","width":512,"height":512,"caption":"Crescendo Systems"},"image":{"@id":"https:\/\/crescendo.com\/en\/#\/schema\/logo\/image\/"},"sameAs":["https:\/\/www.facebook.com\/crescendo.systems","https:\/\/x.com\/crescendocorp","https:\/\/ca.linkedin.com\/company\/crescendo-systems-corporation","https:\/\/www.instagram.com\/crescendosystems\/"]}]}},"_links":{"self":[{"href":"https:\/\/crescendo.com\/fr\/wp-json\/wp\/v2\/pages\/3528","targetHints":{"allow":["GET"]}}],"collection":[{"href":"https:\/\/crescendo.com\/fr\/wp-json\/wp\/v2\/pages"}],"about":[{"href":"https:\/\/crescendo.com\/fr\/wp-json\/wp\/v2\/types\/page"}],"author":[{"embeddable":true,"href":"https:\/\/crescendo.com\/fr\/wp-json\/wp\/v2\/users\/1"}],"replies":[{"embeddable":true,"href":"https:\/\/crescendo.com\/fr\/wp-json\/wp\/v2\/comments?post=3528"}],"version-history":[{"count":172,"href":"https:\/\/crescendo.com\/fr\/wp-json\/wp\/v2\/pages\/3528\/revisions"}],"predecessor-version":[{"id":30261,"href":"https:\/\/crescendo.com\/fr\/wp-json\/wp\/v2\/pages\/3528\/revisions\/30261"}],"wp:attachment":[{"href":"https:\/\/crescendo.com\/fr\/wp-json\/wp\/v2\/media?parent=3528"}],"curies":[{"name":"wp","href":"https:\/\/api.w.org\/{rel}","templated":true}]}}