{"id":2455,"date":"2020-06-01T16:26:47","date_gmt":"2020-06-01T20:26:47","guid":{"rendered":"http:\/\/localhost\/testsite\/?page_id=2455"},"modified":"2023-09-26T15:07:47","modified_gmt":"2023-09-26T19:07:47","slug":"support","status":"publish","type":"page","link":"https:\/\/crescendo.com\/fr\/support\/","title":{"rendered":"Support"},"content":{"rendered":"<div data-elementor-type=\"wp-page\" data-elementor-id=\"2455\" class=\"elementor elementor-2455\" data-elementor-post-type=\"page\">\n\t\t\t\t\t\t<section class=\"elementor-section elementor-top-section elementor-element elementor-element-eb7d458 elementor-section-height-min-height elementor-section-stretched elementor-section-boxed elementor-section-height-default elementor-section-items-middle\" data-id=\"eb7d458\" data-element_type=\"section\" data-settings=\"{&quot;background_background&quot;:&quot;classic&quot;,&quot;stretch_section&quot;:&quot;section-stretched&quot;}\">\n\t\t\t\t\t\t<div class=\"elementor-container elementor-column-gap-default\">\n\t\t\t\t\t<div class=\"elementor-column elementor-col-100 elementor-top-column elementor-element elementor-element-4cc8ca0\" data-id=\"4cc8ca0\" data-element_type=\"column\">\n\t\t\t<div class=\"elementor-widget-wrap elementor-element-populated\">\n\t\t\t\t\t\t<div class=\"elementor-element elementor-element-744a41a elementor-widget elementor-widget-heading\" data-id=\"744a41a\" data-element_type=\"widget\" data-widget_type=\"heading.default\">\n\t\t\t\t<div class=\"elementor-widget-container\">\n\t\t\t\t\t<h1 class=\"elementor-heading-title elementor-size-default\">Soutien technique<\/h1>\t\t\t\t<\/div>\n\t\t\t\t<\/div>\n\t\t\t\t<div class=\"elementor-element elementor-element-e69ce9b elementor-widget elementor-widget-heading\" data-id=\"e69ce9b\" data-element_type=\"widget\" data-widget_type=\"heading.default\">\n\t\t\t\t<div class=\"elementor-widget-container\">\n\t\t\t\t\t<h2 class=\"elementor-heading-title elementor-size-default\">Conseils d'experts pour toutes vos questions<\/h2>\t\t\t\t<\/div>\n\t\t\t\t<\/div>\n\t\t\t\t\t<\/div>\n\t\t<\/div>\n\t\t\t\t\t<\/div>\n\t\t<\/section>\n\t\t\t\t<section class=\"elementor-section elementor-top-section elementor-element elementor-element-8ee7748 elementor-section-stretched elementor-section-height-min-height elementor-section-boxed elementor-section-height-default elementor-section-items-middle\" data-id=\"8ee7748\" data-element_type=\"section\" data-settings=\"{&quot;background_background&quot;:&quot;classic&quot;,&quot;stretch_section&quot;:&quot;section-stretched&quot;}\">\n\t\t\t\t\t\t<div class=\"elementor-container elementor-column-gap-default\">\n\t\t\t\t\t<div class=\"elementor-column elementor-col-100 elementor-top-column elementor-element elementor-element-6fb22d5\" data-id=\"6fb22d5\" data-element_type=\"column\" data-settings=\"{&quot;background_background&quot;:&quot;classic&quot;}\">\n\t\t\t<div class=\"elementor-widget-wrap elementor-element-populated\">\n\t\t\t\t\t\t<section class=\"elementor-section elementor-inner-section elementor-element elementor-element-b95364b elementor-section-height-min-height elementor-section-boxed elementor-section-height-default\" data-id=\"b95364b\" data-element_type=\"section\">\n\t\t\t\t\t\t<div class=\"elementor-container elementor-column-gap-default\">\n\t\t\t\t\t<div class=\"elementor-column elementor-col-100 elementor-inner-column elementor-element elementor-element-ae978af\" data-id=\"ae978af\" data-element_type=\"column\">\n\t\t\t<div class=\"elementor-widget-wrap elementor-element-populated\">\n\t\t\t\t\t\t<div class=\"elementor-element elementor-element-c867a84 elementor-widget elementor-widget-text-editor\" data-id=\"c867a84\" data-element_type=\"widget\" data-widget_type=\"text-editor.default\">\n\t\t\t\t<div class=\"elementor-widget-container\">\n\t\t\t\t\t\t\t\t\t<p>Si vous avez besoin d'aide avec votre logiciel Crescendo, veuillez contacter notre \u00e9quipe de support qualifi\u00e9e.<\/p>\t\t\t\t\t\t\t\t<\/div>\n\t\t\t\t<\/div>\n\t\t\t\t<div class=\"elementor-element elementor-element-3ba85b8 elementor-widget elementor-widget-text-editor\" data-id=\"3ba85b8\" data-element_type=\"widget\" data-widget_type=\"text-editor.default\">\n\t\t\t\t<div class=\"elementor-widget-container\">\n\t\t\t\t\t\t\t\t\t<p><strong>T\u00e9l\u00e9phone:<\/strong> 1-800-724-2930<\/p><p><strong>Courriel :<\/strong>\u00a0support@crescendo.com<\/p>\t\t\t\t\t\t\t\t<\/div>\n\t\t\t\t<\/div>\n\t\t\t\t<div class=\"elementor-element elementor-element-91c5d30 elementor-button-align-end elementor-mobile-button-align-stretch elementor-widget elementor-widget-form\" data-id=\"91c5d30\" data-element_type=\"widget\" data-settings=\"{&quot;step_next_label&quot;:&quot;Next&quot;,&quot;step_previous_label&quot;:&quot;Previous&quot;,&quot;button_width&quot;:&quot;100&quot;,&quot;step_type&quot;:&quot;number_text&quot;,&quot;step_icon_shape&quot;:&quot;circle&quot;}\" data-widget_type=\"form.default\">\n\t\t\t\t<div class=\"elementor-widget-container\">\n\t\t\t\t\t\t\t<form class=\"elementor-form\" method=\"post\" name=\"Contact form\" action=\"\">\n\t\t\t<input type=\"hidden\" name=\"post_id\" value=\"2455\"\/>\n\t\t\t<input type=\"hidden\" name=\"form_id\" value=\"91c5d30\"\/>\n\t\t\t<input type=\"hidden\" name=\"referer_title\" value=\"Crescendo Systems\" \/>\n\n\t\t\t\n\t\t\t<div class=\"elementor-form-fields-wrapper elementor-labels-\">\n\t\t\t\t\t\t\t\t<div class=\"elementor-field-type-text elementor-field-group elementor-column elementor-field-group-name elementor-col-50 elementor-field-required\">\n\t\t\t\t\t\t\t\t\t\t\t\t<label for=\"form-field-name\" class=\"elementor-field-label elementor-screen-only\">\n\t\t\t\t\t\t\t\tNom et pr\u00e9nom\t\t\t\t\t\t\t<\/label>\n\t\t\t\t\t\t\t\t\t\t\t\t\t\t<input size=\"1\" type=\"text\" name=\"form_fields[name]\" id=\"form-field-name\" class=\"elementor-field elementor-size-sm  elementor-field-textual\" placeholder=\"Nom et pr\u00e9nom\" required=\"required\">\n\t\t\t\t\t\t\t\t\t\t\t<\/div>\n\t\t\t\t\t\t\t\t<div class=\"elementor-field-type-email elementor-field-group elementor-column elementor-field-group-email elementor-col-50 elementor-field-required\">\n\t\t\t\t\t\t\t\t\t\t\t\t<label for=\"form-field-email\" class=\"elementor-field-label elementor-screen-only\">\n\t\t\t\t\t\t\t\tCourriel\t\t\t\t\t\t\t<\/label>\n\t\t\t\t\t\t\t\t\t\t\t\t\t\t<input size=\"1\" type=\"email\" name=\"form_fields[email]\" id=\"form-field-email\" class=\"elementor-field elementor-size-sm  elementor-field-textual\" placeholder=\"Courriel\" required=\"required\">\n\t\t\t\t\t\t\t\t\t\t\t<\/div>\n\t\t\t\t\t\t\t\t<div class=\"elementor-field-type-text elementor-field-group elementor-column elementor-field-group-CompanyName elementor-col-100 elementor-field-required\">\n\t\t\t\t\t\t\t\t\t\t\t\t<label for=\"form-field-CompanyName\" class=\"elementor-field-label elementor-screen-only\">\n\t\t\t\t\t\t\t\tNom de l'entreprise\t\t\t\t\t\t\t<\/label>\n\t\t\t\t\t\t\t\t\t\t\t\t\t\t<input size=\"1\" type=\"text\" name=\"form_fields[CompanyName]\" id=\"form-field-CompanyName\" class=\"elementor-field elementor-size-sm  elementor-field-textual\" placeholder=\"Nom de l&#039;entreprise\" required=\"required\">\n\t\t\t\t\t\t\t\t\t\t\t<\/div>\n\t\t\t\t\t\t\t\t<div class=\"elementor-field-type-tel elementor-field-group elementor-column elementor-field-group-PhoneNumber elementor-col-100 elementor-field-required\">\n\t\t\t\t\t\t\t\t\t\t\t\t<label for=\"form-field-PhoneNumber\" class=\"elementor-field-label elementor-screen-only\">\n\t\t\t\t\t\t\t\tNum\u00e9ro de t\u00e9l\u00e9phone\t\t\t\t\t\t\t<\/label>\n\t\t\t\t\t\t\t\t<input size=\"1\" type=\"tel\" name=\"form_fields[PhoneNumber]\" id=\"form-field-PhoneNumber\" class=\"elementor-field elementor-size-sm  elementor-field-textual\" placeholder=\"Num\u00e9ro de t\u00e9l\u00e9phone\" required=\"required\" pattern=\"[0-9()#&amp;+*-=.]+\" title=\"Seuls les caract\u00e8res de num\u00e9ros de t\u00e9l\u00e9phone (#, -, *, etc.) sont accept\u00e9s.\">\n\n\t\t\t\t\t\t<\/div>\n\t\t\t\t\t\t\t\t<div class=\"elementor-field-type-textarea elementor-field-group elementor-column elementor-field-group-message elementor-col-100\">\n\t\t\t\t\t\t\t\t\t\t\t\t<label for=\"form-field-message\" class=\"elementor-field-label elementor-screen-only\">\n\t\t\t\t\t\t\t\tMessage\t\t\t\t\t\t\t<\/label>\n\t\t\t\t\t\t<textarea class=\"elementor-field-textual elementor-field  elementor-size-sm\" name=\"form_fields[message]\" id=\"form-field-message\" rows=\"4\" placeholder=\"Message\"><\/textarea>\t\t\t\t<\/div>\n\t\t\t\t\t\t\t\t<div class=\"elementor-field-type-checkbox elementor-field-group elementor-column elementor-field-group-field_51c3148 elementor-col-100\">\n\t\t\t\t\t\t\t\t\t\t\t\t<label for=\"form-field-field_51c3148\" class=\"elementor-field-label elementor-screen-only\">\n\t\t\t\t\t\t\t\tCheckBox\t\t\t\t\t\t\t<\/label>\n\t\t\t\t\t\t<div class=\"elementor-field-subgroup\"><span class=\"elementor-field-option\"><input type=\"checkbox\" value=\"I agree to the Crescendo Systems terms and conditions as outlined in the privacy policy. By submitting this form, I agree to receive communications from Crescendo and its authorized representatives.\" id=\"form-field-field_51c3148-0\" name=\"form_fields[field_51c3148]\"> <label for=\"form-field-field_51c3148-0\">J\u2019accepte les conditions d\u2019utilisation de Syst\u00e8mes Crescendo tels qu\u2019ils sont d\u00e9crits dans la politique de confidentialit\u00e9. En soumettant ce formulaire, j\u2019accepte de recevoir des communications de Crescendo et de ses repr\u00e9sentants autoris\u00e9s.<\/label><\/span><\/div>\t\t\t\t<\/div>\n\t\t\t\t\t\t\t\t<div class=\"elementor-field-type-recaptcha_v3 elementor-field-group elementor-column elementor-field-group-field_85dec21 elementor-col-100 recaptcha_v3-inline\">\n\t\t\t\t\t<div class=\"elementor-field\" id=\"form-field-field_85dec21\"><div class=\"elementor-g-recaptcha\" data-sitekey=\"6LcV88snAAAAAGQ5bgRh1-Cm2YdJxxv5Wl3OSUl2\" data-type=\"v3\" data-action=\"Form\" data-badge=\"inline\" data-size=\"invisible\"><\/div><\/div>\t\t\t\t<\/div>\n\t\t\t\t\t\t\t\t<div class=\"elementor-field-group elementor-column elementor-field-type-submit elementor-col-100 e-form__buttons\">\n\t\t\t\t\t<button class=\"elementor-button elementor-size-sm\" type=\"submit\">\n\t\t\t\t\t\t<span class=\"elementor-button-content-wrapper\">\n\t\t\t\t\t\t\t\t\t\t\t\t\t\t\t\t\t\t\t\t\t\t<span class=\"elementor-button-text\">Soumettre<\/span>\n\t\t\t\t\t\t\t\t\t\t\t\t\t<\/span>\n\t\t\t\t\t<\/button>\n\t\t\t\t<\/div>\n\t\t\t<\/div>\n\t\t<input type=\"hidden\" name=\"trp-form-language\" value=\"fr\"\/><\/form>\n\t\t\t\t\t\t<\/div>\n\t\t\t\t<\/div>\n\t\t\t\t\t<\/div>\n\t\t<\/div>\n\t\t\t\t\t<\/div>\n\t\t<\/section>\n\t\t\t\t\t<\/div>\n\t\t<\/div>\n\t\t\t\t\t<\/div>\n\t\t<\/section>\n\t\t\t\t<\/div>","protected":false},"excerpt":{"rendered":"<p>Crescendo Support Expert help for all your questions If you require assistance with your Crescendo software, please contact our qualified support team. Phone: 1-800-724-2930 Email:\u00a0support@crescendo.com<\/p>","protected":false},"author":1,"featured_media":0,"parent":0,"menu_order":0,"comment_status":"closed","ping_status":"closed","template":"","meta":{"footnotes":""},"class_list":["post-2455","page","type-page","status-publish"],"yoast_head":"<!-- This site is optimized with the Yoast SEO Premium plugin v21.2 (Yoast SEO v24.6) - https:\/\/yoast.com\/wordpress\/plugins\/seo\/ -->\r\n<title>Support - Crescendo Systems<\/title>\r\n<meta name=\"description\" content=\"The Crescendo Support team is available to answer all your questions. Contact us at 1-800-724-2930 or support@crescendo.com.\" \/>\r\n<meta name=\"robots\" content=\"index, follow, max-snippet:-1, max-image-preview:large, max-video-preview:-1\" \/>\r\n<link rel=\"canonical\" href=\"https:\/\/crescendo.com\/fr\/support\/\" \/>\r\n<meta property=\"og:locale\" content=\"fr_CA\" \/>\r\n<meta property=\"og:type\" content=\"article\" \/>\r\n<meta property=\"og:title\" content=\"Support\" \/>\r\n<meta property=\"og:description\" content=\"The Crescendo Support team is available to answer all your questions. Contact us at 1-800-724-2930 or support@crescendo.com.\" \/>\r\n<meta property=\"og:url\" content=\"https:\/\/crescendo.com\/fr\/support\/\" \/>\r\n<meta property=\"og:site_name\" content=\"Crescendo Systems\" \/>\r\n<meta property=\"article:publisher\" content=\"https:\/\/www.facebook.com\/crescendo.systems\" \/>\r\n<meta property=\"article:modified_time\" content=\"2023-09-26T19:07:47+00:00\" \/>\r\n<meta name=\"twitter:card\" content=\"summary_large_image\" \/>\r\n<meta name=\"twitter:site\" content=\"@crescendocorp\" \/>\r\n<meta name=\"twitter:label1\" content=\"Estimation du temps de lecture\" \/>\n\t<meta name=\"twitter:data1\" content=\"1 minute\" \/>\r\n<script type=\"application\/ld+json\" class=\"yoast-schema-graph\">{\"@context\":\"https:\/\/schema.org\",\"@graph\":[{\"@type\":\"WebPage\",\"@id\":\"https:\/\/crescendo.com\/en\/support\/\",\"url\":\"https:\/\/crescendo.com\/en\/support\/\",\"name\":\"Support - Crescendo Systems\",\"isPartOf\":{\"@id\":\"https:\/\/crescendo.com\/en\/#website\"},\"datePublished\":\"2020-06-01T20:26:47+00:00\",\"dateModified\":\"2023-09-26T19:07:47+00:00\",\"description\":\"The Crescendo Support team is available to answer all your questions. Contact us at 1-800-724-2930 or support@crescendo.com.\",\"breadcrumb\":{\"@id\":\"https:\/\/crescendo.com\/en\/support\/#breadcrumb\"},\"inLanguage\":\"fr-CA\",\"potentialAction\":[{\"@type\":\"ReadAction\",\"target\":[\"https:\/\/crescendo.com\/en\/support\/\"]}]},{\"@type\":\"BreadcrumbList\",\"@id\":\"https:\/\/crescendo.com\/en\/support\/#breadcrumb\",\"itemListElement\":[{\"@type\":\"ListItem\",\"position\":1,\"name\":\"Home\",\"item\":\"https:\/\/crescendo.com\/en\/\"},{\"@type\":\"ListItem\",\"position\":2,\"name\":\"Support\"}]},{\"@type\":\"WebSite\",\"@id\":\"https:\/\/crescendo.com\/en\/#website\",\"url\":\"https:\/\/crescendo.com\/en\/\",\"name\":\"Crescendo Systems\",\"description\":\"Electronic documentation and voice processing solutions\",\"publisher\":{\"@id\":\"https:\/\/crescendo.com\/en\/#organization\"},\"alternateName\":\"Crescendo\",\"potentialAction\":[{\"@type\":\"SearchAction\",\"target\":{\"@type\":\"EntryPoint\",\"urlTemplate\":\"https:\/\/crescendo.com\/en\/?s={search_term_string}\"},\"query-input\":{\"@type\":\"PropertyValueSpecification\",\"valueRequired\":true,\"valueName\":\"search_term_string\"}}],\"inLanguage\":\"fr-CA\"},{\"@type\":\"Organization\",\"@id\":\"https:\/\/crescendo.com\/en\/#organization\",\"name\":\"Crescendo Systems\",\"alternateName\":\"Crescendo\",\"url\":\"https:\/\/crescendo.com\/en\/\",\"logo\":{\"@type\":\"ImageObject\",\"inLanguage\":\"fr-CA\",\"@id\":\"https:\/\/crescendo.com\/en\/#\/schema\/logo\/image\/\",\"url\":\"https:\/\/crescendo.com\/wp-content\/uploads\/2022\/01\/cropped-Fav-Icon.png\",\"contentUrl\":\"https:\/\/crescendo.com\/wp-content\/uploads\/2022\/01\/cropped-Fav-Icon.png\",\"width\":512,\"height\":512,\"caption\":\"Crescendo Systems\"},\"image\":{\"@id\":\"https:\/\/crescendo.com\/en\/#\/schema\/logo\/image\/\"},\"sameAs\":[\"https:\/\/www.facebook.com\/crescendo.systems\",\"https:\/\/x.com\/crescendocorp\",\"https:\/\/ca.linkedin.com\/company\/crescendo-systems-corporation\",\"https:\/\/www.instagram.com\/crescendosystems\/\"]}]}<\/script>\r\n<!-- \/ Yoast SEO Premium plugin. -->","yoast_head_json":{"title":"Support - Crescendo Systems","description":"The Crescendo Support team is available to answer all your questions. Contact us at 1-800-724-2930 or support@crescendo.com.","robots":{"index":"index","follow":"follow","max-snippet":"max-snippet:-1","max-image-preview":"max-image-preview:large","max-video-preview":"max-video-preview:-1"},"canonical":"https:\/\/crescendo.com\/fr\/support\/","og_locale":"fr_CA","og_type":"article","og_title":"Support","og_description":"The Crescendo Support team is available to answer all your questions. Contact us at 1-800-724-2930 or support@crescendo.com.","og_url":"https:\/\/crescendo.com\/fr\/support\/","og_site_name":"Crescendo Systems","article_publisher":"https:\/\/www.facebook.com\/crescendo.systems","article_modified_time":"2023-09-26T19:07:47+00:00","twitter_card":"summary_large_image","twitter_site":"@crescendocorp","twitter_misc":{"Estimation du temps de lecture":"1 minute"},"schema":{"@context":"https:\/\/schema.org","@graph":[{"@type":"WebPage","@id":"https:\/\/crescendo.com\/en\/support\/","url":"https:\/\/crescendo.com\/en\/support\/","name":"Support - Crescendo Systems","isPartOf":{"@id":"https:\/\/crescendo.com\/en\/#website"},"datePublished":"2020-06-01T20:26:47+00:00","dateModified":"2023-09-26T19:07:47+00:00","description":"The Crescendo Support team is available to answer all your questions. Contact us at 1-800-724-2930 or support@crescendo.com.","breadcrumb":{"@id":"https:\/\/crescendo.com\/en\/support\/#breadcrumb"},"inLanguage":"fr-CA","potentialAction":[{"@type":"ReadAction","target":["https:\/\/crescendo.com\/en\/support\/"]}]},{"@type":"BreadcrumbList","@id":"https:\/\/crescendo.com\/en\/support\/#breadcrumb","itemListElement":[{"@type":"ListItem","position":1,"name":"Home","item":"https:\/\/crescendo.com\/en\/"},{"@type":"ListItem","position":2,"name":"Support"}]},{"@type":"WebSite","@id":"https:\/\/crescendo.com\/en\/#website","url":"https:\/\/crescendo.com\/en\/","name":"Crescendo Systems","description":"Electronic documentation and voice processing solutions","publisher":{"@id":"https:\/\/crescendo.com\/en\/#organization"},"alternateName":"Crescendo","potentialAction":[{"@type":"SearchAction","target":{"@type":"EntryPoint","urlTemplate":"https:\/\/crescendo.com\/en\/?s={search_term_string}"},"query-input":{"@type":"PropertyValueSpecification","valueRequired":true,"valueName":"search_term_string"}}],"inLanguage":"fr-CA"},{"@type":"Organization","@id":"https:\/\/crescendo.com\/en\/#organization","name":"Crescendo Systems","alternateName":"Crescendo","url":"https:\/\/crescendo.com\/en\/","logo":{"@type":"ImageObject","inLanguage":"fr-CA","@id":"https:\/\/crescendo.com\/en\/#\/schema\/logo\/image\/","url":"https:\/\/crescendo.com\/wp-content\/uploads\/2022\/01\/cropped-Fav-Icon.png","contentUrl":"https:\/\/crescendo.com\/wp-content\/uploads\/2022\/01\/cropped-Fav-Icon.png","width":512,"height":512,"caption":"Crescendo Systems"},"image":{"@id":"https:\/\/crescendo.com\/en\/#\/schema\/logo\/image\/"},"sameAs":["https:\/\/www.facebook.com\/crescendo.systems","https:\/\/x.com\/crescendocorp","https:\/\/ca.linkedin.com\/company\/crescendo-systems-corporation","https:\/\/www.instagram.com\/crescendosystems\/"]}]}},"_links":{"self":[{"href":"https:\/\/crescendo.com\/fr\/wp-json\/wp\/v2\/pages\/2455","targetHints":{"allow":["GET"]}}],"collection":[{"href":"https:\/\/crescendo.com\/fr\/wp-json\/wp\/v2\/pages"}],"about":[{"href":"https:\/\/crescendo.com\/fr\/wp-json\/wp\/v2\/types\/page"}],"author":[{"embeddable":true,"href":"https:\/\/crescendo.com\/fr\/wp-json\/wp\/v2\/users\/1"}],"replies":[{"embeddable":true,"href":"https:\/\/crescendo.com\/fr\/wp-json\/wp\/v2\/comments?post=2455"}],"version-history":[{"count":372,"href":"https:\/\/crescendo.com\/fr\/wp-json\/wp\/v2\/pages\/2455\/revisions"}],"predecessor-version":[{"id":31414,"href":"https:\/\/crescendo.com\/fr\/wp-json\/wp\/v2\/pages\/2455\/revisions\/31414"}],"wp:attachment":[{"href":"https:\/\/crescendo.com\/fr\/wp-json\/wp\/v2\/media?parent=2455"}],"curies":[{"name":"wp","href":"https:\/\/api.w.org\/{rel}","templated":true}]}}