{"id":23812,"date":"2022-01-07T15:58:55","date_gmt":"2022-01-07T20:58:55","guid":{"rendered":"https:\/\/new.crescendo.com\/?page_id=23812"},"modified":"2022-10-05T16:18:43","modified_gmt":"2022-10-05T20:18:43","slug":"covid-19","status":"publish","type":"page","link":"https:\/\/crescendo.com\/fr\/covid-19\/","title":{"rendered":"Covid-19"},"content":{"rendered":"<div data-elementor-type=\"wp-page\" data-elementor-id=\"23812\" class=\"elementor elementor-23812\" data-elementor-post-type=\"page\">\n\t\t\t\t\t\t<section class=\"elementor-section elementor-top-section elementor-element elementor-element-d964e9a elementor-section-stretched elementor-section-boxed elementor-section-height-default elementor-section-height-default\" data-id=\"d964e9a\" data-element_type=\"section\" data-settings=\"{&quot;stretch_section&quot;:&quot;section-stretched&quot;}\">\n\t\t\t\t\t\t<div class=\"elementor-container elementor-column-gap-default\">\n\t\t\t\t\t<div class=\"elementor-column elementor-col-100 elementor-top-column elementor-element elementor-element-31de82f\" data-id=\"31de82f\" data-element_type=\"column\">\n\t\t\t<div class=\"elementor-widget-wrap elementor-element-populated\">\n\t\t\t\t\t\t<div class=\"elementor-element elementor-element-eb2448e elementor-widget elementor-widget-heading\" data-id=\"eb2448e\" data-element_type=\"widget\" data-widget_type=\"heading.default\">\n\t\t\t\t<div class=\"elementor-widget-container\">\n\t\t\t\t\t<h4 class=\"elementor-heading-title elementor-size-default\">Notre r\u00e9ponse \u00e0 la crise COVID-19<\/h4>\t\t\t\t<\/div>\n\t\t\t\t<\/div>\n\t\t\t\t<div class=\"elementor-element elementor-element-62aaf28 elementor-widget elementor-widget-heading\" data-id=\"62aaf28\" data-element_type=\"widget\" data-widget_type=\"heading.default\">\n\t\t\t\t<div class=\"elementor-widget-container\">\n\t\t\t\t\t<h2 class=\"elementor-heading-title elementor-size-default\">UN MESSAGE IMPORTANT \u00c0 L'ATTENTION DE NOS CLIENTS<\/h2>\t\t\t\t<\/div>\n\t\t\t\t<\/div>\n\t\t\t\t<div class=\"elementor-element elementor-element-e3c9565 elementor-widget elementor-widget-text-editor\" data-id=\"e3c9565\" data-element_type=\"widget\" data-widget_type=\"text-editor.default\">\n\t\t\t\t<div class=\"elementor-widget-container\">\n\t\t\t\t\t\t\t\t\t<p id=\"u1450349-2\">Les effets de la pand\u00e9mie de COVID-19 se font sentir dans le monde entier. Un d\u00e9pistage pr\u00e9coce et un diagnostic pr\u00e9cis sont imp\u00e9ratifs pour freiner la propagation de ce virus. Alors que Crescendo est en p\u00e9riph\u00e9rie, bon nombre de ses pr\u00e9cieux clients sont en premi\u00e8re ligne et travaillent sans rel\u00e2che pour mettre fin \u00e0 la transmission rapide de la COVID-19.<\/p><p id=\"u1450349-3\">\u00a0<\/p><p id=\"u1450349-5\">Afin de r\u00e9duire la pression sur le syst\u00e8me de sant\u00e9 et d\u2019aider les soignants en cette p\u00e9riode difficile, Crescendo poursuit ses activit\u00e9s normalement. Bien que nous ayons pris des pr\u00e9cautions afin de limiter les risques pour notre personnel et nos clients, nos \u00e9quipes de soutien et de d\u00e9veloppement sont pr\u00eates \u00e0 vous aider de toutes les mani\u00e8res possibles.<\/p><p id=\"u1450349-6\">\u00a0<\/p><p id=\"u1450349-8\">Dans le cadre de l\u2019engagement de Crescendo \u00e0 aider ses clients, un grand h\u00f4pital du Qu\u00e9bec, d\u00e9sign\u00e9 comme l\u2019un des quatre principaux centres de sant\u00e9 pour la COVID-19, a fait appel \u00e0 elle pour d\u00e9velopper un outil de saisie et d\u2019analyse de donn\u00e9es dans le cadre du syst\u00e8me de documentation clinique Centro. En 12 heures, Crescendo est parvenue \u00e0 fournir une m\u00e9thode de saisie et de suivi des donn\u00e9es cl\u00e9s des patients \u00e0 des fins d\u2019analyse plus approfondie. L\u2019outil est capable de r\u00e9v\u00e9ler des d\u00e9tails qui peuvent aider \u00e0 identifier les membres de la population les plus \u00e0 risque en isolant des facteurs comme les groupes d\u2019\u00e2ge, le sexe et les contacts connus avec des voyageurs.<\/p><p id=\"u1450349-9\">\u00a0<\/p><p id=\"u1450349-11\">Nous esp\u00e9rons que cet outil aidera les cliniciens \u00e0 \u00e9valuer rapidement la mar\u00e9e de cas qui d\u00e9ferle chaque jour \u00e0 leur porte.Nous comprenons les d\u00e9fis auxquels nos clients sont confront\u00e9s. Si vous croyez que Crescendo peut vous aider \u00e0 am\u00e9liorer les efforts de votre \u00e9quipe de soins et \u00e0 prot\u00e9ger les travailleurs de premi\u00e8re ligne, n\u2019h\u00e9sitez pas \u00e0 communiquer avec nous.<\/p><p id=\"u1450349-12\">\u00a0<\/p><p id=\"u1450349-14\">Nous continuons \u00e0 surveiller cette situation de pr\u00e8s et \u00e0 suivre les recommandations de la communaut\u00e9 m\u00e9dicale, et soyez assur\u00e9s que notre \u00e9quipe de soutien restera toujours disponible en cas de besoin.<\/p><p id=\"u1450349-15\">\u00a0<\/p><p id=\"u1450349-18\">Si vous avez besoin d\u2019assistance ou de renseignements, veuillez communiquer directement avec Crescendo, au\u00a0<span id=\"u1450349-17\">1-800-724-2930.<\/span><\/p>\t\t\t\t\t\t\t\t<\/div>\n\t\t\t\t<\/div>\n\t\t\t\t\t<\/div>\n\t\t<\/div>\n\t\t\t\t\t<\/div>\n\t\t<\/section>\n\t\t\t\t<\/div>","protected":false},"excerpt":{"rendered":"<p>Our response to the COVID-19 crisis AN IMPORTANT MESSAGE TO OUR CUSTOMERS The impact of the COVID-19 pandemic is being felt worldwide. Early detection and accurate diagnosis is imperative in stopping the spread of this virus. While Crescendo is on the periphery of this emergency, many of our valued clients are on the front-lines, tirelessly &#8230; <a title=\"Covid-19\" class=\"read-more\" href=\"https:\/\/crescendo.com\/fr\/covid-19\/\" aria-label=\"Read more about Covid-19\">Continuer la lecture<\/a><\/p>","protected":false},"author":1,"featured_media":0,"parent":0,"menu_order":0,"comment_status":"closed","ping_status":"closed","template":"","meta":{"footnotes":""},"class_list":["post-23812","page","type-page","status-publish"],"yoast_head":"<!-- This site is optimized with the Yoast SEO Premium plugin v21.2 (Yoast SEO v24.6) - https:\/\/yoast.com\/wordpress\/plugins\/seo\/ -->\r\n<title>Covid-19 - Crescendo Systems<\/title>\r\n<meta name=\"robots\" content=\"index, follow, max-snippet:-1, max-image-preview:large, max-video-preview:-1\" \/>\r\n<link rel=\"canonical\" href=\"https:\/\/crescendo.com\/fr\/covid-19\/\" \/>\r\n<meta property=\"og:locale\" content=\"fr_CA\" \/>\r\n<meta property=\"og:type\" content=\"article\" \/>\r\n<meta property=\"og:title\" content=\"Covid-19\" \/>\r\n<meta property=\"og:description\" content=\"Our response to the COVID-19 crisis AN IMPORTANT MESSAGE TO OUR CUSTOMERS The impact of the COVID-19 pandemic is being felt worldwide. Early detection and accurate diagnosis is imperative in stopping the spread of this virus. While Crescendo is on the periphery of this emergency, many of our valued clients are on the front-lines, tirelessly ... Continuer la lecture\" \/>\r\n<meta property=\"og:url\" content=\"https:\/\/crescendo.com\/fr\/covid-19\/\" \/>\r\n<meta property=\"og:site_name\" content=\"Crescendo Systems\" \/>\r\n<meta property=\"article:publisher\" content=\"https:\/\/www.facebook.com\/crescendo.systems\" \/>\r\n<meta property=\"article:modified_time\" content=\"2022-10-05T20:18:43+00:00\" \/>\r\n<meta name=\"twitter:card\" content=\"summary_large_image\" \/>\r\n<meta name=\"twitter:site\" content=\"@crescendocorp\" \/>\r\n<meta name=\"twitter:label1\" content=\"Estimation du temps de lecture\" \/>\n\t<meta name=\"twitter:data1\" content=\"2 minutes\" \/>\r\n<script type=\"application\/ld+json\" class=\"yoast-schema-graph\">{\"@context\":\"https:\/\/schema.org\",\"@graph\":[{\"@type\":\"WebPage\",\"@id\":\"https:\/\/crescendo.com\/en\/covid-19\/\",\"url\":\"https:\/\/crescendo.com\/en\/covid-19\/\",\"name\":\"Covid-19 - Crescendo Systems\",\"isPartOf\":{\"@id\":\"https:\/\/crescendo.com\/en\/#website\"},\"datePublished\":\"2022-01-07T20:58:55+00:00\",\"dateModified\":\"2022-10-05T20:18:43+00:00\",\"breadcrumb\":{\"@id\":\"https:\/\/crescendo.com\/en\/covid-19\/#breadcrumb\"},\"inLanguage\":\"fr-CA\",\"potentialAction\":[{\"@type\":\"ReadAction\",\"target\":[\"https:\/\/crescendo.com\/en\/covid-19\/\"]}]},{\"@type\":\"BreadcrumbList\",\"@id\":\"https:\/\/crescendo.com\/en\/covid-19\/#breadcrumb\",\"itemListElement\":[{\"@type\":\"ListItem\",\"position\":1,\"name\":\"Home\",\"item\":\"https:\/\/crescendo.com\/en\/\"},{\"@type\":\"ListItem\",\"position\":2,\"name\":\"Covid-19\"}]},{\"@type\":\"WebSite\",\"@id\":\"https:\/\/crescendo.com\/en\/#website\",\"url\":\"https:\/\/crescendo.com\/en\/\",\"name\":\"Crescendo Systems\",\"description\":\"Electronic documentation and voice processing solutions\",\"publisher\":{\"@id\":\"https:\/\/crescendo.com\/en\/#organization\"},\"alternateName\":\"Crescendo\",\"potentialAction\":[{\"@type\":\"SearchAction\",\"target\":{\"@type\":\"EntryPoint\",\"urlTemplate\":\"https:\/\/crescendo.com\/en\/?s={search_term_string}\"},\"query-input\":{\"@type\":\"PropertyValueSpecification\",\"valueRequired\":true,\"valueName\":\"search_term_string\"}}],\"inLanguage\":\"fr-CA\"},{\"@type\":\"Organization\",\"@id\":\"https:\/\/crescendo.com\/en\/#organization\",\"name\":\"Crescendo Systems\",\"alternateName\":\"Crescendo\",\"url\":\"https:\/\/crescendo.com\/en\/\",\"logo\":{\"@type\":\"ImageObject\",\"inLanguage\":\"fr-CA\",\"@id\":\"https:\/\/crescendo.com\/en\/#\/schema\/logo\/image\/\",\"url\":\"https:\/\/crescendo.com\/wp-content\/uploads\/2022\/01\/cropped-Fav-Icon.png\",\"contentUrl\":\"https:\/\/crescendo.com\/wp-content\/uploads\/2022\/01\/cropped-Fav-Icon.png\",\"width\":512,\"height\":512,\"caption\":\"Crescendo Systems\"},\"image\":{\"@id\":\"https:\/\/crescendo.com\/en\/#\/schema\/logo\/image\/\"},\"sameAs\":[\"https:\/\/www.facebook.com\/crescendo.systems\",\"https:\/\/x.com\/crescendocorp\",\"https:\/\/ca.linkedin.com\/company\/crescendo-systems-corporation\",\"https:\/\/www.instagram.com\/crescendosystems\/\"]}]}<\/script>\r\n<!-- \/ Yoast SEO Premium plugin. -->","yoast_head_json":{"title":"Covid-19 - Crescendo Systems","robots":{"index":"index","follow":"follow","max-snippet":"max-snippet:-1","max-image-preview":"max-image-preview:large","max-video-preview":"max-video-preview:-1"},"canonical":"https:\/\/crescendo.com\/fr\/covid-19\/","og_locale":"fr_CA","og_type":"article","og_title":"Covid-19","og_description":"Our response to the COVID-19 crisis AN IMPORTANT MESSAGE TO OUR CUSTOMERS The impact of the COVID-19 pandemic is being felt worldwide. Early detection and accurate diagnosis is imperative in stopping the spread of this virus. While Crescendo is on the periphery of this emergency, many of our valued clients are on the front-lines, tirelessly ... Continuer la lecture","og_url":"https:\/\/crescendo.com\/fr\/covid-19\/","og_site_name":"Crescendo Systems","article_publisher":"https:\/\/www.facebook.com\/crescendo.systems","article_modified_time":"2022-10-05T20:18:43+00:00","twitter_card":"summary_large_image","twitter_site":"@crescendocorp","twitter_misc":{"Estimation du temps de lecture":"2 minutes"},"schema":{"@context":"https:\/\/schema.org","@graph":[{"@type":"WebPage","@id":"https:\/\/crescendo.com\/en\/covid-19\/","url":"https:\/\/crescendo.com\/en\/covid-19\/","name":"Covid-19 - Crescendo Systems","isPartOf":{"@id":"https:\/\/crescendo.com\/en\/#website"},"datePublished":"2022-01-07T20:58:55+00:00","dateModified":"2022-10-05T20:18:43+00:00","breadcrumb":{"@id":"https:\/\/crescendo.com\/en\/covid-19\/#breadcrumb"},"inLanguage":"fr-CA","potentialAction":[{"@type":"ReadAction","target":["https:\/\/crescendo.com\/en\/covid-19\/"]}]},{"@type":"BreadcrumbList","@id":"https:\/\/crescendo.com\/en\/covid-19\/#breadcrumb","itemListElement":[{"@type":"ListItem","position":1,"name":"Home","item":"https:\/\/crescendo.com\/en\/"},{"@type":"ListItem","position":2,"name":"Covid-19"}]},{"@type":"WebSite","@id":"https:\/\/crescendo.com\/en\/#website","url":"https:\/\/crescendo.com\/en\/","name":"Crescendo Systems","description":"Electronic documentation and voice processing solutions","publisher":{"@id":"https:\/\/crescendo.com\/en\/#organization"},"alternateName":"Crescendo","potentialAction":[{"@type":"SearchAction","target":{"@type":"EntryPoint","urlTemplate":"https:\/\/crescendo.com\/en\/?s={search_term_string}"},"query-input":{"@type":"PropertyValueSpecification","valueRequired":true,"valueName":"search_term_string"}}],"inLanguage":"fr-CA"},{"@type":"Organization","@id":"https:\/\/crescendo.com\/en\/#organization","name":"Crescendo Systems","alternateName":"Crescendo","url":"https:\/\/crescendo.com\/en\/","logo":{"@type":"ImageObject","inLanguage":"fr-CA","@id":"https:\/\/crescendo.com\/en\/#\/schema\/logo\/image\/","url":"https:\/\/crescendo.com\/wp-content\/uploads\/2022\/01\/cropped-Fav-Icon.png","contentUrl":"https:\/\/crescendo.com\/wp-content\/uploads\/2022\/01\/cropped-Fav-Icon.png","width":512,"height":512,"caption":"Crescendo Systems"},"image":{"@id":"https:\/\/crescendo.com\/en\/#\/schema\/logo\/image\/"},"sameAs":["https:\/\/www.facebook.com\/crescendo.systems","https:\/\/x.com\/crescendocorp","https:\/\/ca.linkedin.com\/company\/crescendo-systems-corporation","https:\/\/www.instagram.com\/crescendosystems\/"]}]}},"_links":{"self":[{"href":"https:\/\/crescendo.com\/fr\/wp-json\/wp\/v2\/pages\/23812","targetHints":{"allow":["GET"]}}],"collection":[{"href":"https:\/\/crescendo.com\/fr\/wp-json\/wp\/v2\/pages"}],"about":[{"href":"https:\/\/crescendo.com\/fr\/wp-json\/wp\/v2\/types\/page"}],"author":[{"embeddable":true,"href":"https:\/\/crescendo.com\/fr\/wp-json\/wp\/v2\/users\/1"}],"replies":[{"embeddable":true,"href":"https:\/\/crescendo.com\/fr\/wp-json\/wp\/v2\/comments?post=23812"}],"version-history":[{"count":61,"href":"https:\/\/crescendo.com\/fr\/wp-json\/wp\/v2\/pages\/23812\/revisions"}],"predecessor-version":[{"id":29956,"href":"https:\/\/crescendo.com\/fr\/wp-json\/wp\/v2\/pages\/23812\/revisions\/29956"}],"wp:attachment":[{"href":"https:\/\/crescendo.com\/fr\/wp-json\/wp\/v2\/media?parent=23812"}],"curies":[{"name":"wp","href":"https:\/\/api.w.org\/{rel}","templated":true}]}}