{"id":21581,"date":"2021-10-14T16:21:05","date_gmt":"2021-10-14T20:21:05","guid":{"rendered":"https:\/\/new.crescendo.com\/?page_id=21581"},"modified":"2023-01-26T12:01:46","modified_gmt":"2023-01-26T17:01:46","slug":"customer-resources","status":"publish","type":"page","link":"https:\/\/crescendo.com\/fr\/customer-resources\/","title":{"rendered":"Portail client"},"content":{"rendered":"<div data-elementor-type=\"wp-page\" data-elementor-id=\"21581\" class=\"elementor elementor-21581\" data-elementor-post-type=\"page\">\n\t\t\t\t\t\t<section class=\"elementor-section elementor-top-section elementor-element elementor-element-fd12141 elementor-section-height-min-height elementor-section-stretched elementor-section-boxed elementor-section-height-default elementor-section-items-middle\" data-id=\"fd12141\" data-element_type=\"section\" data-settings=\"{&quot;background_background&quot;:&quot;classic&quot;,&quot;stretch_section&quot;:&quot;section-stretched&quot;}\">\n\t\t\t\t\t\t<div class=\"elementor-container elementor-column-gap-default\">\n\t\t\t\t\t<div class=\"elementor-column elementor-col-100 elementor-top-column elementor-element elementor-element-dbe038f\" data-id=\"dbe038f\" data-element_type=\"column\">\n\t\t\t<div class=\"elementor-widget-wrap elementor-element-populated\">\n\t\t\t\t\t\t<div class=\"elementor-element elementor-element-cb915bd elementor-widget elementor-widget-heading\" data-id=\"cb915bd\" data-element_type=\"widget\" data-widget_type=\"heading.default\">\n\t\t\t\t<div class=\"elementor-widget-container\">\n\t\t\t\t\t<h1 class=\"elementor-heading-title elementor-size-default\">Ressources pour les clients<\/h1>\t\t\t\t<\/div>\n\t\t\t\t<\/div>\n\t\t\t\t<div class=\"elementor-element elementor-element-f60a65c elementor-widget elementor-widget-heading\" data-id=\"f60a65c\" data-element_type=\"widget\" data-widget_type=\"heading.default\">\n\t\t\t\t<div class=\"elementor-widget-container\">\n\t\t\t\t\t<h2 class=\"elementor-heading-title elementor-size-default\">Informations utiles au sujet des produits<\/h2>\t\t\t\t<\/div>\n\t\t\t\t<\/div>\n\t\t\t\t\t<\/div>\n\t\t<\/div>\n\t\t\t\t\t<\/div>\n\t\t<\/section>\n\t\t\t\t<section class=\"elementor-section elementor-top-section elementor-element elementor-element-ca785bf elementor-section-height-min-height elementor-section-stretched elementor-section-boxed elementor-section-height-default elementor-section-items-middle\" data-id=\"ca785bf\" data-element_type=\"section\" data-settings=\"{&quot;stretch_section&quot;:&quot;section-stretched&quot;,&quot;background_background&quot;:&quot;classic&quot;}\">\n\t\t\t\t\t\t<div class=\"elementor-container elementor-column-gap-default\">\n\t\t\t\t\t<div class=\"elementor-column elementor-col-50 elementor-top-column elementor-element elementor-element-f4322c5\" data-id=\"f4322c5\" data-element_type=\"column\">\n\t\t\t<div class=\"elementor-widget-wrap elementor-element-populated\">\n\t\t\t\t\t\t<section class=\"elementor-section elementor-inner-section elementor-element elementor-element-461e8e5 elementor-section-content-middle elementor-section-boxed elementor-section-height-default elementor-section-height-default\" data-id=\"461e8e5\" data-element_type=\"section\">\n\t\t\t\t\t\t<div class=\"elementor-container elementor-column-gap-default\">\n\t\t\t\t\t<div class=\"elementor-column elementor-col-100 elementor-inner-column elementor-element elementor-element-84ff02d\" data-id=\"84ff02d\" data-element_type=\"column\">\n\t\t\t<div class=\"elementor-widget-wrap elementor-element-populated\">\n\t\t\t\t\t\t<div class=\"elementor-element elementor-element-12fb7f6 elementor-widget elementor-widget-heading\" data-id=\"12fb7f6\" data-element_type=\"widget\" data-widget_type=\"heading.default\">\n\t\t\t\t<div class=\"elementor-widget-container\">\n\t\t\t\t\t<h3 class=\"elementor-heading-title elementor-size-default\">Que peut-on trouver sur le portail des clients ?<\/h3>\t\t\t\t<\/div>\n\t\t\t\t<\/div>\n\t\t\t\t<div class=\"elementor-element elementor-element-4348f25 elementor-widget elementor-widget-text-editor\" data-id=\"4348f25\" data-element_type=\"widget\" data-widget_type=\"text-editor.default\">\n\t\t\t\t<div class=\"elementor-widget-container\">\n\t\t\t\t\t\t\t\t\t<p style=\"text-align: left;\">Le portail client est disponible exclusivement pour les clients et utilisateurs de Crescendo. \u00c0 partir du portail, vous pouvez trouver les derni\u00e8res informations sur les produits, les guides d'utilisation, les tutoriels vid\u00e9o et plus encore! Pour y acc\u00e9der, il suffit de cliquer sur le bouton d'enregistrement et de nous envoyer vos informations. Vous recevrez un courriel d'approbation une fois que vous aurez \u00e9t\u00e9 confirm\u00e9 comme utilisateur de Crescendo.<\/p>\t\t\t\t\t\t\t\t<\/div>\n\t\t\t\t<\/div>\n\t\t\t\t\t<\/div>\n\t\t<\/div>\n\t\t\t\t\t<\/div>\n\t\t<\/section>\n\t\t\t\t\t<\/div>\n\t\t<\/div>\n\t\t\t\t<div class=\"elementor-column elementor-col-50 elementor-top-column elementor-element elementor-element-d2b4b8b\" data-id=\"d2b4b8b\" data-element_type=\"column\">\n\t\t\t<div class=\"elementor-widget-wrap elementor-element-populated\">\n\t\t\t\t\t\t<section class=\"elementor-section elementor-inner-section elementor-element elementor-element-03fb945 elementor-section-content-top elementor-section-boxed elementor-section-height-default elementor-section-height-default\" data-id=\"03fb945\" data-element_type=\"section\">\n\t\t\t\t\t\t<div class=\"elementor-container elementor-column-gap-default\">\n\t\t\t\t\t<div class=\"elementor-column elementor-col-50 elementor-inner-column elementor-element elementor-element-bff0f48\" data-id=\"bff0f48\" data-element_type=\"column\" data-settings=\"{&quot;background_background&quot;:&quot;classic&quot;}\">\n\t\t\t<div class=\"elementor-widget-wrap elementor-element-populated\">\n\t\t\t\t\t\t<div class=\"elementor-element elementor-element-c12978f elementor-widget elementor-widget-heading\" data-id=\"c12978f\" data-element_type=\"widget\" data-widget_type=\"heading.default\">\n\t\t\t\t<div class=\"elementor-widget-container\">\n\t\t\t\t\t<h5 class=\"elementor-heading-title elementor-size-default\">Inscrivez-vous au portail<\/h5>\t\t\t\t<\/div>\n\t\t\t\t<\/div>\n\t\t\t\t<div class=\"elementor-element elementor-element-c868016 elementor-widget elementor-widget-heading\" data-id=\"c868016\" data-element_type=\"widget\" data-widget_type=\"heading.default\">\n\t\t\t\t<div class=\"elementor-widget-container translation-block\">Rejoignez la communaut\u00e9 d\u2019utilisateurs et acc\u00e9dez au contenu exclusif de Crescendo.<\/div>\n\t\t\t\t<\/div>\n\t\t\t\t<div class=\"elementor-element elementor-element-828a374 elementor-tablet-align-center elementor-align-center elementor-widget elementor-widget-button\" data-id=\"828a374\" data-element_type=\"widget\" data-widget_type=\"button.default\">\n\t\t\t\t<div class=\"elementor-widget-container\">\n\t\t\t\t\t\t\t\t\t<div class=\"elementor-button-wrapper\">\n\t\t\t\t\t<a class=\"elementor-button elementor-button-link elementor-size-xs\" href=\"https:\/\/crescendo.com\/fr\/user-registration\/\">\n\t\t\t\t\t\t<span class=\"elementor-button-content-wrapper\">\n\t\t\t\t\t\t\t\t\t<span class=\"elementor-button-text\">Enregistrez vous<\/span>\n\t\t\t\t\t<\/span>\n\t\t\t\t\t<\/a>\n\t\t\t\t<\/div>\n\t\t\t\t\t\t\t\t<\/div>\n\t\t\t\t<\/div>\n\t\t\t\t\t<\/div>\n\t\t<\/div>\n\t\t\t\t<div class=\"elementor-column elementor-col-50 elementor-inner-column elementor-element elementor-element-0cc6880\" data-id=\"0cc6880\" data-element_type=\"column\" data-settings=\"{&quot;background_background&quot;:&quot;classic&quot;}\">\n\t\t\t<div class=\"elementor-widget-wrap elementor-element-populated\">\n\t\t\t\t\t\t<div class=\"elementor-element elementor-element-3bf071f elementor-widget elementor-widget-heading\" data-id=\"3bf071f\" data-element_type=\"widget\" data-widget_type=\"heading.default\">\n\t\t\t\t<div class=\"elementor-widget-container\">\n\t\t\t\t\t<h5 class=\"elementor-heading-title elementor-size-default\">Connexion \u00e0 votre compte <\/h5>\t\t\t\t<\/div>\n\t\t\t\t<\/div>\n\t\t\t\t<div class=\"elementor-element elementor-element-fe301b9 elementor-widget elementor-widget-heading\" data-id=\"fe301b9\" data-element_type=\"widget\" data-widget_type=\"heading.default\">\n\t\t\t\t<div class=\"elementor-widget-container translation-block\">Vous \u00eates d\u00e9j\u00e0 inscrit ? <br> Connectez-vous ici.<\/div>\n\t\t\t\t<\/div>\n\t\t\t\t<div class=\"elementor-element elementor-element-094bce4 elementor-tablet-align-center elementor-align-center elementor-widget elementor-widget-button\" data-id=\"094bce4\" data-element_type=\"widget\" data-widget_type=\"button.default\">\n\t\t\t\t<div class=\"elementor-widget-container\">\n\t\t\t\t\t\t\t\t\t<div class=\"elementor-button-wrapper\">\n\t\t\t\t\t<a class=\"elementor-button elementor-button-link elementor-size-xs\" href=\"https:\/\/crescendo.com\/fr\/login\/\">\n\t\t\t\t\t\t<span class=\"elementor-button-content-wrapper\">\n\t\t\t\t\t\t\t\t\t<span class=\"elementor-button-text\">Se connecter<\/span>\n\t\t\t\t\t<\/span>\n\t\t\t\t\t<\/a>\n\t\t\t\t<\/div>\n\t\t\t\t\t\t\t\t<\/div>\n\t\t\t\t<\/div>\n\t\t\t\t\t<\/div>\n\t\t<\/div>\n\t\t\t\t\t<\/div>\n\t\t<\/section>\n\t\t\t\t\t<\/div>\n\t\t<\/div>\n\t\t\t\t\t<\/div>\n\t\t<\/section>\n\t\t\t\t<\/div>","protected":false},"excerpt":{"rendered":"<p>Crescendo Client Resources Access Useful Product Information What is the Customer Portal? The Customer Portal is available exclusively for Crescendo clients and users. From here, you can find the latest product information, user guides, video tutorials and more! To gain access&nbsp; simply click on the register button and send us your information, you will receive &#8230; <a title=\"Portail client\" class=\"read-more\" href=\"https:\/\/crescendo.com\/fr\/customer-resources\/\" aria-label=\"Read more about Customer Resources\">Continuer la lecture<\/a><\/p>","protected":false},"author":1,"featured_media":0,"parent":0,"menu_order":0,"comment_status":"closed","ping_status":"closed","template":"","meta":{"footnotes":""},"class_list":["post-21581","page","type-page","status-publish"],"yoast_head":"<!-- This site is optimized with the Yoast SEO Premium plugin v21.2 (Yoast SEO v24.6) - https:\/\/yoast.com\/wordpress\/plugins\/seo\/ -->\r\n<title>Customer Resources - Crescendo Systems<\/title>\r\n<meta name=\"description\" content=\"Crescendo clients and users can find the latest product information, user guides, video tutorials on the Customer Portal.\" \/>\r\n<meta name=\"robots\" content=\"index, follow, max-snippet:-1, max-image-preview:large, max-video-preview:-1\" \/>\r\n<link rel=\"canonical\" href=\"https:\/\/crescendo.com\/fr\/customer-resources\/\" \/>\r\n<meta property=\"og:locale\" content=\"fr_CA\" \/>\r\n<meta property=\"og:type\" content=\"article\" \/>\r\n<meta property=\"og:title\" content=\"Customer Resources\" \/>\r\n<meta property=\"og:description\" content=\"Crescendo clients and users can find the latest product information, user guides, video tutorials on the Customer Portal.\" \/>\r\n<meta property=\"og:url\" content=\"https:\/\/crescendo.com\/fr\/customer-resources\/\" \/>\r\n<meta property=\"og:site_name\" content=\"Crescendo Systems\" \/>\r\n<meta property=\"article:publisher\" content=\"https:\/\/www.facebook.com\/crescendo.systems\" \/>\r\n<meta property=\"article:modified_time\" content=\"2023-01-26T17:01:46+00:00\" \/>\r\n<meta name=\"twitter:card\" content=\"summary_large_image\" \/>\r\n<meta name=\"twitter:site\" content=\"@crescendocorp\" \/>\r\n<meta name=\"twitter:label1\" content=\"Estimation du temps de lecture\" \/>\n\t<meta name=\"twitter:data1\" content=\"1 minute\" \/>\r\n<script type=\"application\/ld+json\" class=\"yoast-schema-graph\">{\"@context\":\"https:\/\/schema.org\",\"@graph\":[{\"@type\":\"WebPage\",\"@id\":\"https:\/\/crescendo.com\/en\/customer-resources\/\",\"url\":\"https:\/\/crescendo.com\/en\/customer-resources\/\",\"name\":\"Customer Resources - Crescendo Systems\",\"isPartOf\":{\"@id\":\"https:\/\/crescendo.com\/en\/#website\"},\"datePublished\":\"2021-10-14T20:21:05+00:00\",\"dateModified\":\"2023-01-26T17:01:46+00:00\",\"description\":\"Crescendo clients and users can find the latest product information, user guides, video tutorials on the Customer Portal.\",\"breadcrumb\":{\"@id\":\"https:\/\/crescendo.com\/en\/customer-resources\/#breadcrumb\"},\"inLanguage\":\"fr-CA\",\"potentialAction\":[{\"@type\":\"ReadAction\",\"target\":[\"https:\/\/crescendo.com\/en\/customer-resources\/\"]}]},{\"@type\":\"BreadcrumbList\",\"@id\":\"https:\/\/crescendo.com\/en\/customer-resources\/#breadcrumb\",\"itemListElement\":[{\"@type\":\"ListItem\",\"position\":1,\"name\":\"Home\",\"item\":\"https:\/\/crescendo.com\/en\/\"},{\"@type\":\"ListItem\",\"position\":2,\"name\":\"Customer Resources\"}]},{\"@type\":\"WebSite\",\"@id\":\"https:\/\/crescendo.com\/en\/#website\",\"url\":\"https:\/\/crescendo.com\/en\/\",\"name\":\"Crescendo Systems\",\"description\":\"Electronic documentation and voice processing solutions\",\"publisher\":{\"@id\":\"https:\/\/crescendo.com\/en\/#organization\"},\"alternateName\":\"Crescendo\",\"potentialAction\":[{\"@type\":\"SearchAction\",\"target\":{\"@type\":\"EntryPoint\",\"urlTemplate\":\"https:\/\/crescendo.com\/en\/?s={search_term_string}\"},\"query-input\":{\"@type\":\"PropertyValueSpecification\",\"valueRequired\":true,\"valueName\":\"search_term_string\"}}],\"inLanguage\":\"fr-CA\"},{\"@type\":\"Organization\",\"@id\":\"https:\/\/crescendo.com\/en\/#organization\",\"name\":\"Crescendo Systems\",\"alternateName\":\"Crescendo\",\"url\":\"https:\/\/crescendo.com\/en\/\",\"logo\":{\"@type\":\"ImageObject\",\"inLanguage\":\"fr-CA\",\"@id\":\"https:\/\/crescendo.com\/en\/#\/schema\/logo\/image\/\",\"url\":\"https:\/\/crescendo.com\/wp-content\/uploads\/2022\/01\/cropped-Fav-Icon.png\",\"contentUrl\":\"https:\/\/crescendo.com\/wp-content\/uploads\/2022\/01\/cropped-Fav-Icon.png\",\"width\":512,\"height\":512,\"caption\":\"Crescendo Systems\"},\"image\":{\"@id\":\"https:\/\/crescendo.com\/en\/#\/schema\/logo\/image\/\"},\"sameAs\":[\"https:\/\/www.facebook.com\/crescendo.systems\",\"https:\/\/x.com\/crescendocorp\",\"https:\/\/ca.linkedin.com\/company\/crescendo-systems-corporation\",\"https:\/\/www.instagram.com\/crescendosystems\/\"]}]}<\/script>\r\n<!-- \/ Yoast SEO Premium plugin. -->","yoast_head_json":{"title":"Customer Resources - Crescendo Systems","description":"Crescendo clients and users can find the latest product information, user guides, video tutorials on the Customer Portal.","robots":{"index":"index","follow":"follow","max-snippet":"max-snippet:-1","max-image-preview":"max-image-preview:large","max-video-preview":"max-video-preview:-1"},"canonical":"https:\/\/crescendo.com\/fr\/customer-resources\/","og_locale":"fr_CA","og_type":"article","og_title":"Customer Resources","og_description":"Crescendo clients and users can find the latest product information, user guides, video tutorials on the Customer Portal.","og_url":"https:\/\/crescendo.com\/fr\/customer-resources\/","og_site_name":"Crescendo Systems","article_publisher":"https:\/\/www.facebook.com\/crescendo.systems","article_modified_time":"2023-01-26T17:01:46+00:00","twitter_card":"summary_large_image","twitter_site":"@crescendocorp","twitter_misc":{"Estimation du temps de lecture":"1 minute"},"schema":{"@context":"https:\/\/schema.org","@graph":[{"@type":"WebPage","@id":"https:\/\/crescendo.com\/en\/customer-resources\/","url":"https:\/\/crescendo.com\/en\/customer-resources\/","name":"Customer Resources - Crescendo Systems","isPartOf":{"@id":"https:\/\/crescendo.com\/en\/#website"},"datePublished":"2021-10-14T20:21:05+00:00","dateModified":"2023-01-26T17:01:46+00:00","description":"Crescendo clients and users can find the latest product information, user guides, video tutorials on the Customer Portal.","breadcrumb":{"@id":"https:\/\/crescendo.com\/en\/customer-resources\/#breadcrumb"},"inLanguage":"fr-CA","potentialAction":[{"@type":"ReadAction","target":["https:\/\/crescendo.com\/en\/customer-resources\/"]}]},{"@type":"BreadcrumbList","@id":"https:\/\/crescendo.com\/en\/customer-resources\/#breadcrumb","itemListElement":[{"@type":"ListItem","position":1,"name":"Home","item":"https:\/\/crescendo.com\/en\/"},{"@type":"ListItem","position":2,"name":"Customer Resources"}]},{"@type":"WebSite","@id":"https:\/\/crescendo.com\/en\/#website","url":"https:\/\/crescendo.com\/en\/","name":"Crescendo Systems","description":"Electronic documentation and voice processing solutions","publisher":{"@id":"https:\/\/crescendo.com\/en\/#organization"},"alternateName":"Crescendo","potentialAction":[{"@type":"SearchAction","target":{"@type":"EntryPoint","urlTemplate":"https:\/\/crescendo.com\/en\/?s={search_term_string}"},"query-input":{"@type":"PropertyValueSpecification","valueRequired":true,"valueName":"search_term_string"}}],"inLanguage":"fr-CA"},{"@type":"Organization","@id":"https:\/\/crescendo.com\/en\/#organization","name":"Crescendo Systems","alternateName":"Crescendo","url":"https:\/\/crescendo.com\/en\/","logo":{"@type":"ImageObject","inLanguage":"fr-CA","@id":"https:\/\/crescendo.com\/en\/#\/schema\/logo\/image\/","url":"https:\/\/crescendo.com\/wp-content\/uploads\/2022\/01\/cropped-Fav-Icon.png","contentUrl":"https:\/\/crescendo.com\/wp-content\/uploads\/2022\/01\/cropped-Fav-Icon.png","width":512,"height":512,"caption":"Crescendo Systems"},"image":{"@id":"https:\/\/crescendo.com\/en\/#\/schema\/logo\/image\/"},"sameAs":["https:\/\/www.facebook.com\/crescendo.systems","https:\/\/x.com\/crescendocorp","https:\/\/ca.linkedin.com\/company\/crescendo-systems-corporation","https:\/\/www.instagram.com\/crescendosystems\/"]}]}},"_links":{"self":[{"href":"https:\/\/crescendo.com\/fr\/wp-json\/wp\/v2\/pages\/21581","targetHints":{"allow":["GET"]}}],"collection":[{"href":"https:\/\/crescendo.com\/fr\/wp-json\/wp\/v2\/pages"}],"about":[{"href":"https:\/\/crescendo.com\/fr\/wp-json\/wp\/v2\/types\/page"}],"author":[{"embeddable":true,"href":"https:\/\/crescendo.com\/fr\/wp-json\/wp\/v2\/users\/1"}],"replies":[{"embeddable":true,"href":"https:\/\/crescendo.com\/fr\/wp-json\/wp\/v2\/comments?post=21581"}],"version-history":[{"count":273,"href":"https:\/\/crescendo.com\/fr\/wp-json\/wp\/v2\/pages\/21581\/revisions"}],"predecessor-version":[{"id":30808,"href":"https:\/\/crescendo.com\/fr\/wp-json\/wp\/v2\/pages\/21581\/revisions\/30808"}],"wp:attachment":[{"href":"https:\/\/crescendo.com\/fr\/wp-json\/wp\/v2\/media?parent=21581"}],"curies":[{"name":"wp","href":"https:\/\/api.w.org\/{rel}","templated":true}]}}